{"id":7967,"date":"2018-11-04T13:44:56","date_gmt":"2018-11-04T12:44:56","guid":{"rendered":"http:\/\/teehausgeschichten.de\/?page_id=7967"},"modified":"2019-06-17T17:06:30","modified_gmt":"2019-06-17T15:06:30","slug":"traviahold-badilak-von-spichbrecher-hardmund","status":"publish","type":"page","link":"https:\/\/teehausgeschichten.de\/?page_id=7967","title":{"rendered":"Abt Traviahold"},"content":{"rendered":"<p><img loading=\"lazy\" decoding=\"async\" class=\"wp-image-6467  alignleft\" src=\"https:\/\/teehausgeschichten.de\/wp-content\/uploads\/2011\/11\/Unbenannt.jpg\" alt=\"\" width=\"197\" height=\"303\"\/><\/p>\n<p><strong>Ordenspr\u00e4tor des Sch\u00fctzenden Kapitels des Schutzordens der Sch\u00f6pfung<\/strong><\/p>\n<p><strong>Abt des Klosters St. Tamano des Propheten der Mutter Travia<\/strong><\/p>\n<p>&nbsp;<\/p>\n<p>Traviahold wurde am 23. Travia 1005 BF als der j\u00fcngste von drei Br\u00fcdern des Barons von Dettenhofen geboren. Um die traditionelle enge Verbundenheit zur Traviakirche zu symbolisieren, wurde er mit jungen Jahren von seinem Vater ins Wolfskopfkloster in den Trollzacken geschickt. Mit acht G\u00f6tterl\u00e4ufen wurde er von seinen beiden Br\u00fcdern und der Familie getrennt. Zu dieser Zeit hatte er eine gute Beziehung zu seinem \u00e4lteren Bruder Sieghelm, was daran begr\u00fcndet liegt, dass der \u00e4ltere und st\u00e4rke Sieghelm ihn immer beim gemeinsamen Spielen mit anderen besch\u00fctzt hatte. Zu den gemeinsamen \u00e4lteren Bruder Torion konnte jedoch keine gute Beziehung aufgebaut werden. Sieghelm und Traviahold hatten sich nur zwischenduch einige Male gesehen, wie zum Beispiel zu Sieghelms Abschlusspr\u00fcfung an der Kriegerakademie oder zu Traviaholds Weihe im Kloster.<\/p>\n<p>In seinem bisherigen Leben bewegte er sich nur zwischen dem Wolfskopfkloster, Rommilys, Dettenhofen und Hochstieg. Als er am 20. Tsa 1026 BF in Hardfurten, einem Dorf zwischen Dettenhofen und Hochstieg, nach vielen Jahren seinen Bruder Sieghelm wiedersehen wollte, geriet er in Ereignisse, die sein Leben vollends ver\u00e4nderten. Seitdem reiste er mit den Auserw\u00e4hlten der Zw\u00f6lfe, musste gegen D\u00e4monen, Echsengottkaiser und sein eigenes Unwissen k\u00e4mpfen, befand sich innerhalb einer Hexenglobule in den Erinnerungen eines Magiers, besch\u00fctzte versklavte Rizzo gegen einen Schlinger, verga\u00df t\u00e4glich den Guhl im Kerker und w\u00e4re fast in die Feenwelt geraten. Er lernte den Vortex kennen und dessen Wesen, die nicht weniger als die G\u00f6tter vernichten wollen, sowie die Auserw\u00e4hlten der Zw\u00f6lfe, die genau dies verhindern sollten. Dies alles geschah jedoch nicht innerhalb vieler Jahre, sondern weniger Wochen. Nicht nur ver\u00e4nderten die Ereignisse seine Weltsicht grundlegend, sie ver\u00e4nderten auch sein Leben. In der kurzen Zeit wurde er vom jungen Geweihten aus dem Kloster, zu zweitgeweihten Ehemann, Pr\u00e4tor eines neugegr\u00fcndeten Ordens und Abt eines eigenen dem Orden zugeh\u00f6rigen Kloster, das sich r\u00fchmen darf, als direktes Tochterkloster des Rommilyser Tempels anerkannt worden zu sein.<\/p>\n","protected":false},"excerpt":{"rendered":"<p>Ordenspr\u00e4tor des Sch\u00fctzenden Kapitels des Schutzordens der Sch\u00f6pfung Abt des Klosters St. Tamano des Propheten der Mutter Travia &nbsp; Traviahold wurde am 23. Travia 1005 BF als der j\u00fcngste von drei Br\u00fcdern des Barons von Dettenhofen geboren. Um die traditionelle enge Verbundenheit zur Traviakirche zu symbolisieren, wurde er mit jungen Jahren von seinem Vater ins [&hellip;]<\/p>\n","protected":false},"author":17,"featured_media":0,"parent":3727,"menu_order":0,"comment_status":"closed","ping_status":"closed","template":"","meta":{"footnotes":""},"class_list":["post-7967","page","type-page","status-publish","hentry"],"_links":{"self":[{"href":"https:\/\/teehausgeschichten.de\/index.php?rest_route=\/wp\/v2\/pages\/7967","targetHints":{"allow":["GET"]}}],"collection":[{"href":"https:\/\/teehausgeschichten.de\/index.php?rest_route=\/wp\/v2\/pages"}],"about":[{"href":"https:\/\/teehausgeschichten.de\/index.php?rest_route=\/wp\/v2\/types\/page"}],"author":[{"embeddable":true,"href":"https:\/\/teehausgeschichten.de\/index.php?rest_route=\/wp\/v2\/users\/17"}],"replies":[{"embeddable":true,"href":"https:\/\/teehausgeschichten.de\/index.php?rest_route=%2Fwp%2Fv2%2Fcomments&post=7967"}],"version-history":[{"count":5,"href":"https:\/\/teehausgeschichten.de\/index.php?rest_route=\/wp\/v2\/pages\/7967\/revisions"}],"predecessor-version":[{"id":8310,"href":"https:\/\/teehausgeschichten.de\/index.php?rest_route=\/wp\/v2\/pages\/7967\/revisions\/8310"}],"up":[{"embeddable":true,"href":"https:\/\/teehausgeschichten.de\/index.php?rest_route=\/wp\/v2\/pages\/3727"}],"wp:attachment":[{"href":"https:\/\/teehausgeschichten.de\/index.php?rest_route=%2Fwp%2Fv2%2Fmedia&parent=7967"}],"curies":[{"name":"wp","href":"https:\/\/api.w.org\/{rel}","templated":true}]}}