{"id":760,"date":"2012-07-31T23:55:40","date_gmt":"2012-07-31T21:55:40","guid":{"rendered":"http:\/\/teehausgeschichten.de\/?page_id=760"},"modified":"2014-08-16T19:31:50","modified_gmt":"2014-08-16T17:31:50","slug":"lunaluo","status":"publish","type":"page","link":"https:\/\/teehausgeschichten.de\/?page_id=760","title":{"rendered":"Lunaluo"},"content":{"rendered":"<p><em><a href=\"https:\/\/teehausgeschichten.de\/wp-content\/uploads\/2012\/07\/Lunaluo-var-ver-11-Kopie.jpg\"><img loading=\"lazy\" decoding=\"async\" class=\"alignleft size-medium wp-image-1952\" title=\"Lunaluo, var ver 1,1 Kopie\" src=\"https:\/\/teehausgeschichten.de\/wp-content\/uploads\/2012\/07\/Lunaluo-var-ver-11-Kopie-235x300.jpg\" alt=\"\" width=\"235\" height=\"300\" srcset=\"https:\/\/teehausgeschichten.de\/wp-content\/uploads\/2012\/07\/Lunaluo-var-ver-11-Kopie-235x300.jpg 235w, https:\/\/teehausgeschichten.de\/wp-content\/uploads\/2012\/07\/Lunaluo-var-ver-11-Kopie-805x1024.jpg 805w, https:\/\/teehausgeschichten.de\/wp-content\/uploads\/2012\/07\/Lunaluo-var-ver-11-Kopie.jpg 1689w\" sizes=\"auto, (max-width: 235px) 100vw, 235px\" \/><\/a>Wo ich herkomme fragt Ihr, von der albernischen K\u00fcste, sagten mir meine Eltern und Ihr? Was das begehr meiner Reise ist? Och ich suche meine Mutter, Sie wurde nach S\u00fcden verschleppt, hat mir ein freundlicher Diener Efferds gesagt und eine weitere Freundin hat mir von dieser Heldengruppe berichtet, welche ebenfalls nach S\u00fcden reist, also suche ich auch diese, erhoffe ich mir doch hilfe von ihnen.<\/em><\/p>\n<p>-wiedergegebenes Gespr\u00e4ch zwischen Lunaluo und einem Gardisten, bei Einreise in einer der vielen St\u00e4dte auf ihrer langen Suche&#8230;<\/p>\n<p><strong>Name:<\/strong> Lunaluo Saari Tuadh Gwenlian (von Quell)<\/p>\n<p><strong>Alter:<\/strong> Um die 17. G\u00f6tterl\u00e4ufe alt, wahrscheinlich erblickte Sie irgendwann im Mond des Efferd im 1009. G\u00f6tterlauf nach Bosparans Fall das Meer des Lebens&#8230;<\/p>\n<p>Die Geschichte Lunaluos verliert sich in den Fluten Efferds, von ihren Zieheltern konnte Sie nur erfahren, dass jene Sie an der albernischen K\u00fcste fanden. Dort lebte Sie friedlich mit ihren Eltern, einem Haindruiden und einer Neckerfrau, zusammen. Das \u00e4nderte sich zum erstenmal, als Yanuu&#8217;a, ihre Ziehmutter, von Neckersklavenf\u00e4ngern gefangen wurde, sowohl Altanan als auch Lunaluo waren dar\u00fcber best\u00fcrzt, konnten jedoch nichts dagegen ausrichten. Altanan versuchte zwar Informationen \u00fcber Yanuu&#8217;as Verbleib zu erhalten, doch gelang ihm dies nicht. Als Lunaluo endlich alt genug war um loszuziehen, machte Sie sich, mit dem Segen Ihres Vaters, der wusste, das er Sie nicht dazu bekommen w\u00fcrde diesen Beschluss zu revidieren, auf den Weg den Verbleib Ihrer Mutter zu suchen. Resultat des ganzen ist eine Druidin, die sich wie ein Fisch auf dem trockenen f\u00fchlt und nun durch Aventurien getrieben wird, auf der Suche nach der Erkenntnis um das Schicksal Yanuu&#8217;as.<\/p>\n<p><strong>Aussehen:<\/strong> Eine tiefverh\u00fcllte Gestalt von 1,70 Schritt, behangen mit diversen Wasserschl\u00e4uchen. Die H\u00e4nde verschwinden in den \u00c4rmeln des weiten Hemdes. Das Hemd schmiegt sich einigerma\u00dfen gut an den K\u00f6rper, wird allerdings gr\u00f6\u00dftenteils durch einen Umhang verdeckt. Die ebenfalls weite Hose, ist so geschnitten, dass sie bis zu den Knien an den K\u00f6rper anschmiegt und danach weiter ausf\u00e4llt, die Schuhe gehen hoch bis zu den Wadenbeinen. Es wirkt ungew\u00f6hnlich, dass die Gestalt fast vollst\u00e4ndig verh\u00fcllt ist. Ihre Haare, sofern Sie zu sehen sind golden, wobei auch einige meeresblaue Str\u00e4hnen darunter sind. Ihr Vater riet Ihr, dass Sie sich verh\u00fcllen s\u00f6llte, um ihre leichtblaue Hautfarbe, die Hautschleier an Armen und Wadenbein, sowie ihre Schwimmh\u00e4ute zu verbergen, hinter all diesen Vorkehrungen stecken keine finstren absichten, doch das zu erkl\u00e4ren (und wichtiger als Grund akzeptiert zu werden) birgt gewisses Konfliktpotenzial.<\/p>\n<p><strong>Charakterz\u00fcge:<\/strong><\/p>\n<p>-Eine tiefe Angst vor Feuer zeichnet sie, f\u00fcrchtet Sie sich doch um den Schaden, welcher durch Feuer entstehen kann, wohl verst\u00e4ndlich f\u00fcr ein Wesen des Meeres<\/p>\n<p>-Sie strebt nach Harmonie und als folge dessen, ist Sie bestrebt, jenen Wesen zu helfen, welche nicht in der Lage sind sich selbst zu helfen<\/p>\n<p>-Da Sie bisvor kurzem nur den Hain ihres Vaters und das nahe Meer kannte, ist Sie begierig mehr zu erfahren, eine ausgepr\u00e4gte Neugier hat sich \u00fcber die Jahre entwickelt<\/p>\n<p>-Die zur\u00fcckliegenden G\u00f6tterl\u00e4ufe in dem Hain ihrer Vaters segneten Sie mit einer gewissen Weltfremdheit, dies dr\u00fcckt sich bei Ihr in Naivit\u00e4t und Unverst\u00e4ndnis, f\u00fcr das st\u00e4dtische Treiben und das Leben in fremder Gesellschaft, aus.<\/p>\n<p>-Sie ist impulsiv, vor allem unter Stress neigt Sie dazu eine einmal geschlossene Idee nicht mehr allzu schnell zu revidieren.<\/p>\n<p>-Der Mond scheint Sie gerade zu in einen Bann zu ziehen<\/p>\n<p>-Aufgrund ihrer Erziehung betet Sie Sumu an, weiterhin verehrt Sie Efferd (als ihren Hauptgott, was verst\u00e4ndlicherweise mit ihrem Habitat zutun haben k\u00f6nnte, jedoch jenen als Sohn Sumus) und auch Mada wird von ihr verehrt, weitere erkennt Sie zwar an, erfahren aber bedeutend weniger Verehrung.<\/p>\n<p>-bisweilen sehr melancholich<\/p>\n<p><strong>Besonderheiten Lunaluos:<\/strong><\/p>\n<p>-Ihr Habitat ist das Wasser, was nicht bedeutet, das Sie nicht auch an Land \u00fcberleben k\u00f6nnte, doch das kalte Nass der Dom\u00e4ne Efferds ist Ihr bevorzugter Ort, dies dr\u00fcckt sich bei Ihr in verschiedenen Besonderheiten aus.<\/p>\n<ul>\n<li>Sie kann sowohl S\u00fc\u00df- als auch Salzwasser trinken<\/li>\n<li>Ein Tod durch ertrinken ist mehr als unwahrscheinlich&#8230;<\/li>\n<li>Sie ist begabt im Umgang mit dem Element des Wassers<\/li>\n<li>Zu Zaubern f\u00e4llt Ihr in Ihren eigenem Element, dem Wasser, leichter<\/li>\n<li>Im Gegenzug f\u00e4llt es Ihr allerdings schwieriger, ohne ausreichende Mengen Ihres Elementes zu Zaubern<\/li>\n<li>Sie verf\u00fcgt \u00fcber die F\u00e4higkeit mit anderen Wesen des Wassers Empathischen Kontakt aufzubauen, dabei handelt es sich wahrscheinlich um ein teil ihres nicht ausgepr\u00e4gten Erbes als Ozeanierin<\/li>\n<li>An Land ben\u00f6tigt Sie gr\u00f6\u00dfere Mengen Wasser am Tag um \u00fcberleben zu k\u00f6nnen<\/li>\n<\/ul>\n<p>&nbsp;<\/p>\n<p><strong>Weitere Geschichte Lunaluos:<\/strong><br \/>\nNachdem Sie aus dem v\u00e4terlichen Hain auszog um Yanuu&#8217;a zu finden begab Sie sich zuerst nach Havena, dort erhielt Sie weitere Informationen, welche Sie gen Praios f\u00fchrte. Ein gut gemeinter Rat einer Freundin hie\u00df Sie nach einigen Bekannten selbiger Freundin zu suchen, diese Suche f\u00fchrte Sie letzendlich nach Aranien, wo Sie einige dieser Bekannten fand. Nachdem sie mit diesen ein Abenteuer erlebte und dadurch neue Freunde gewann, wurde ihr nun im Dorfe Mahtab eine Prophezeiung gegeben, welche sie nach Khunchom schickte um weitere Informationen \u00fcber den Aufenthalt Yanuu&#8217;as zu finden. Dank magischer Hilfe, ist sie nun mittlerweile auch schon in Khunchom und trieb dort eine kurze Zeit so vor sich hin.<\/p>\n<p>Um dann mit der Flut auf einem Schiff, der T\u00e4nzerin und einigen neuen Freunden zu einer anderen Perle gen Praios aufzubrechen, nachdem sie vorher von einem bekannten erfahren hatte, das sich ihre Mutter in einer Stadt namens Al&#8217;Anfa aufhielt. Die Reise war kurz und w\u00e4re beinahe noch k\u00fcrzer gewesen, ein Piratenschiff, wollte die T\u00e4nzerin angreifen, doch dank der nebligen Verschleierungstaktik von Lunaluo, konnte das Schiff verhehlt werden, als sich der Nebel wieder lichtete war das dargebotene Bild desastr\u00f6s. Das Piratenschiff war nurmehr die verteilte Summe seiner Einzelteile, von der Besatzung fehlten, bis auf einen Matrosen alle Spuren. Ohne lange nachzudenken sprang Lunaluo die FLuten um diesen zu retten, doch schon auf dem Weg zu ihm, fiel dieser einem hungrigen Kraken zum Opfer. Das n\u00e4chste erkorene Opfer w\u00e4re die junge aquatische Druidin gewesen, w\u00e4re es ihr nicht, in ihrem Element gelungen, diesem einem anderen Befehl zu erteilen, so dass sicher nicht nur ihr Leben sondern auch noch Schiff und Besatzung gerettet wurde. W\u00e4hrend ihre Freunde in Al&#8217;Anfa die Lage auskundschafteten, machte es sich Lunaluo in einer Unterwasserh\u00f6hle gem\u00fctlich und begann damit einen Ritualort zur Herbeirufung von mehreren Elementaren Meistern des Wassers zu gestalten, welche sie schlie\u00dflich auch rief, um ihren Freunden, ihrer Mutter und ihr selbst die Flucht aus dem Al&#8217;Anfanischen Hafen zu erm\u00f6glichen. Danach floss alles um sie herum und sie kammen am n\u00e4chsten Morgen in einer Bucht wieder zusich, wenn sie ihre Eindr\u00fccke richtig deutete, so geht sie davon aus, das die Meister des Elementes sie und ihre Freunde in Wasser wandelten und entgegen der Flussrichtung flie\u00dfen lie\u00dfen, bestimmt war da noch mehr, aber die Eindr\u00fccke waren nicht fest.<\/p>\n<p>An der Bucht begegnete sie Lechmin zum dritten Mal, sie a\u00dfen eine kleinigkeit und planten ihre n\u00e4chsten Schritte, Lechmin hatte schon f\u00fcr eine Schiffspassage nach Albernia gesorgt und auch Malzan und Nantua nahmen die Einladung in den Hain an. Was bedeutet das Altanan, demn\u00e4chst nicht nur Lunaluo und Yanuu&#8217;a wieder begr\u00fc\u00dfen darf, sondern auch noch zwei ihrer neuen Freunde kennenlernen wird.<\/p>\n<p><strong>Verhalten zu anderen Charakteren: <em>(Beziehungsindex [BI], 0- sehr schlecht, 5-neutral, 10-sehr gut)<\/em><br \/>\n<\/strong><\/p>\n<p>-[BI 8] <em>Jane Peddersen: <\/em><em>Sie ist freundlich und ich kann mich gut mit Ihr unterhalten, es ist in diesen Landen selten das ich als das erkannt werde was ich bin. Und Sie kennt die drei Freunde von Lotte. Ich lerne Sie immer besser kennen, es ist unglaublich Ihr Wissen \u00e4hnelt einem Ozean, es ist sehr sehr gro\u00df. Aber nicht nur das Sie \u00fcber ein wahrhaft gro\u00dfes Wissen verf\u00fcgt, nein Sie ist auch in der Kunst bewandert Bilder zu zeichnen, erst k\u00fcrzlich war ich das Modell Ihrer Kunst, die Detailgenauigkeit waren verbl\u00fcffend. Worin Sie wohl noch bewandert sein mag?<br \/>\n<\/em><\/p>\n<p>-[BI 9]Delia: <em>Sie ist ebenfalls freundlich, auch Sie kennt die drei Freunde von Lotte. Die Gespr\u00e4che mit Ihr sind ebenfalls interessant. Und Sie kann zaubern, das ist toll, ich wusste doch das es einen guten Grund gab, warum Sie mir so sympathisch war. Ach ich beneide Sie darum Ihre Gef\u00fchle ausleben zu k\u00f6nnen Wie Sie es mag, als Wesen Efferds sind Gef\u00fchle auch f\u00fcr mich wichtig, aber als Druidin wei\u00df ich um die Gefahr mich in ihnen zu verlieren, so dass ich mich in steter Selbstkontrolle \u00fcben muss, das einzig positive daran ist das ich auf diese Weise meinen Aufenthalt an Land besser vertrage.<br \/>\n<\/em><\/p>\n<p>-[BI 7] Sieghelm von Spichbrecher: <em>Lotte hatte mir von Ihm erz\u00e4hlt, aber so wirklich nett scheint er nicht zu sein, zumindest in Hammerschlag hat er mir nicht geholfen, was ja erst einer der Gr\u00fcnde war mich hierher zu begeben. Naja zumindest werde ich die Tierb\u00e4ndigerin kennenlernen und eventuell ist Sieghelm unter der Schale an Metall etwas umg\u00e4nglicher. Es ist wahrlich seltsam, sehr efferdgef\u00e4llig hat sich sein Verhalten gewendet, er spricht mich nun mit einem &#8222;von Quell&#8220; an, das ist wahrlich seltsam, aber das muss mit dem zutun haben was er mir \u00fcber die Etikette erz\u00e4hlt hat. <\/em><\/p>\n<p>-[BI 8]Azina saba Belima: <em>Nun habe ich auch diese Freundin Lottes kennengelernt, recht k\u00fchl aber das liegt wohl an der Verbundenheit mit ihrem Gott, sie versteht sich gut mit Tieren und ihrer kleinen Schwester, unter der kalten Fassade schl\u00e4gt ein warmes Herz.<\/em><\/p>\n<p>-[BI 9] Reonar Wolf: <em>Ein Freund von Delia, Jane und Sieghelm, er macht mich eventuell mit Nehazet vertraut, den er auch kennt, dar\u00fcber hinaus hat er mich mit den netten Honoralds bekannt gemacht, er ist nett, was er mir wohl \u00fcber unsere Freunde erz\u00e4hlen kann? Und, ganz wichtig, er half mir meine Mutter zu befreien.<br \/>\n<\/em><\/p>\n<p>-[BI 6] Lechmin ai Battuhzen: <em>Ein Freund und Mentor, ich traf ihn das erste Mal in Mahtab und nun erneut in Khunchom, taucht auf wo er will und wei\u00df mehr, als zu erwarten ist. Eine seiner \u00c4u\u00dferungen l\u00e4sst mich fragen, ob ich nicht die komplette Gruppe Lottes Gefunden habe? Es ist bestimmt nur eine frage der Zeit, bis ich ihm erneut begegne.<br \/>\n<\/em><\/p>\n<p>&nbsp;<\/p>\n<p><strong>Verhalten zu anderen Nichtspielercharakteren:<\/strong><\/p>\n<p>-Altanan Gwenlian:<em> Mein Vater und Lehrmeister, niemanden kenne ich l\u00e4nger, er versteht mich, er wei\u00df warum ich ausziehen musste<\/em><\/p>\n<p>-Yanuu&#8217;a:<em> Ich erinnere mich nur noch dunkel an Sie, viel wei\u00df ich von meinem Vater, da es mein begehr ist Sie wieder zu sehen, zog ich aus in die Welt und fand sie schlie\u00dflich in der Perle des S\u00fcdens. Wo es einigen meiner Freunde gelang sie zu befreien und nun treiben wir \u00fcber das Meer auf den v\u00e4terlichen Hain zu um sie wieder zu vereinen. Was soll ich nun tun?<br \/>\n<\/em><\/p>\n<p>&nbsp;<\/p>\n<p>-Lotte Drut:<em> Sie ist lustig, war mir eine gro\u00dfartige Hilfe und ihre Anekdoten erst, hihi, wobei mir ihre Haare ja schon unheimlich waren, also zubeginn meine ich, erinnerten diese doch an das loderne Feuer<\/em><\/p>\n<p>-Efferddiener: <em>Das Meer und Wasser sind ihnen wichtig, wie mir, ich mag sie<\/em><\/p>\n<p>-Matrosen:<em> Sehr umg\u00e4ngliche und freundliche Leute, also zumindest diejenigen die ich kennengelernt habe, sehr interessiert an Efferds Dom\u00e4ne<\/em><\/p>\n<p>-Rahjadiener: <em>Nett, aber sie bestehen zu sehr auf dieses Getr\u00e4nk namens Tarf, das ist wirklich gef\u00e4hrlich auch haben sie einige seltsame Vorstellungen \u00fcber Efferd und seine Dom\u00e4ne, wenn ich da nur an die Efferdswoge denke<\/em><\/p>\n<p>-Rondradiener: <em>In schweres Eisen gewandet und dem Feuer huldigend, nein die sind zum rei\u00dfaus nehmen<\/em><\/p>\n<p>-Azinas Familie: <em>Freundliche Menschen, und die kleine Arima ist einfach zu niedlich.<\/em><\/p>\n<p>-Wesen Efferds: <em>Wir verstehen uns, meistens jedenfalls, habe noch keinen Fisch getroffen den ich nicht mochte.<\/em><\/p>\n<p>-Honoralds: <em>Nette Leute, haben mir gleich ein Zimmer angeboten, was auch sehr sch\u00f6n aussieht, ich bin schon auf diesen Ball gespannt, ich hoffe der wird nicht so wie das Fest im Rahja Tempel in Zorgan. Der Ball war wirklich interessant, ich habe viele Leute kennengelernt und einige darunter haben mir sogar angeboten mir bei meiner Suche nach Yantuu&#8217;a zu helfen, leider wusste niemand etwas konkretes. Einziger Wehmutstropfen, es gab einen Zwischenfall auf dem Ball, aber zum Gl\u00fcck konnte das schlimmste verhindert werden, ich werde wohl noch ein paar Tage im Hause dieser netten Herrschaften bleiben und in der Zeit in Khunchom nach weiteren Hinweisen suchen, danach, sofern ich nichts finde das auf Khunchom deutet, werde ich wohl die Stadt verlassen.<br \/>\n<\/em><\/p>\n<p>-Nantua: <em>Eine Freundin, die mir mit Rat und Tat vor und w\u00e4hrend des Balls zur Seite stand, ich w\u00fcrde ihr gerne mal die Wunder von Efferdsdom\u00e4ne zeigen, das k\u00f6nnte ihr bestimmt gefallen. Treue Nantua, hab vielen Dank, f\u00fcr deine Hilfe.<br \/>\n<\/em><\/p>\n","protected":false},"excerpt":{"rendered":"<p>Wo ich herkomme fragt Ihr, von der albernischen K\u00fcste, sagten mir meine Eltern und Ihr? Was das begehr meiner Reise ist? Och ich suche meine Mutter, Sie wurde nach S\u00fcden verschleppt, hat mir ein freundlicher Diener Efferds gesagt und eine weitere Freundin hat mir von dieser Heldengruppe berichtet, welche ebenfalls nach S\u00fcden reist, also suche [&hellip;]<\/p>\n","protected":false},"author":3,"featured_media":0,"parent":59,"menu_order":1,"comment_status":"open","ping_status":"closed","template":"","meta":{"footnotes":""},"class_list":["post-760","page","type-page","status-publish","hentry"],"_links":{"self":[{"href":"https:\/\/teehausgeschichten.de\/index.php?rest_route=\/wp\/v2\/pages\/760","targetHints":{"allow":["GET"]}}],"collection":[{"href":"https:\/\/teehausgeschichten.de\/index.php?rest_route=\/wp\/v2\/pages"}],"about":[{"href":"https:\/\/teehausgeschichten.de\/index.php?rest_route=\/wp\/v2\/types\/page"}],"author":[{"embeddable":true,"href":"https:\/\/teehausgeschichten.de\/index.php?rest_route=\/wp\/v2\/users\/3"}],"replies":[{"embeddable":true,"href":"https:\/\/teehausgeschichten.de\/index.php?rest_route=%2Fwp%2Fv2%2Fcomments&post=760"}],"version-history":[{"count":27,"href":"https:\/\/teehausgeschichten.de\/index.php?rest_route=\/wp\/v2\/pages\/760\/revisions"}],"predecessor-version":[{"id":5669,"href":"https:\/\/teehausgeschichten.de\/index.php?rest_route=\/wp\/v2\/pages\/760\/revisions\/5669"}],"up":[{"embeddable":true,"href":"https:\/\/teehausgeschichten.de\/index.php?rest_route=\/wp\/v2\/pages\/59"}],"wp:attachment":[{"href":"https:\/\/teehausgeschichten.de\/index.php?rest_route=%2Fwp%2Fv2%2Fmedia&parent=760"}],"curies":[{"name":"wp","href":"https:\/\/api.w.org\/{rel}","templated":true}]}}