{"id":6977,"date":"2016-03-21T11:58:46","date_gmt":"2016-03-21T10:58:46","guid":{"rendered":"http:\/\/teehausgeschichten.de\/?page_id=6977"},"modified":"2016-03-23T20:01:27","modified_gmt":"2016-03-23T19:01:27","slug":"ordensgruendung","status":"publish","type":"page","link":"https:\/\/teehausgeschichten.de\/?page_id=6977","title":{"rendered":"Ordensgr\u00fcndung"},"content":{"rendered":"<h2><a href=\"https:\/\/teehausgeschichten.de\/wp-content\/uploads\/2016\/03\/thronsaal2.jpg\" rel=\"attachment wp-att-6978\"><img loading=\"lazy\" decoding=\"async\" class=\"alignleft wp-image-6978\" src=\"https:\/\/teehausgeschichten.de\/wp-content\/uploads\/2016\/03\/thronsaal2.jpg\" alt=\"thronsaal2\" width=\"294\" height=\"465\" srcset=\"https:\/\/teehausgeschichten.de\/wp-content\/uploads\/2016\/03\/thronsaal2.jpg 747w, https:\/\/teehausgeschichten.de\/wp-content\/uploads\/2016\/03\/thronsaal2-190x300.jpg 190w, https:\/\/teehausgeschichten.de\/wp-content\/uploads\/2016\/03\/thronsaal2-648x1024.jpg 648w\" sizes=\"auto, (max-width: 294px) 100vw, 294px\" \/><\/a><strong>Interludium 12 &#8211; Ordensgr\u00fcndung<\/strong><\/h2>\n<p><em>Am Abend des 6. Phex &#8211; dem 1. Tag der Unabh\u00e4ngigkeitserkl\u00e4rung Hochstiegs.<\/em><\/p>\n<p>Es ist Abend geworden in Hochstieg. W\u00e4hrend sich die Botin Firuns zusammen mit Maednir dem B\u00e4ren noch immer auf Jagd befand, hatten sich Sieghelm, Jane, Traviahold, Delia, Nehazet, der Vogt Angrond und der treue Ritter der Rose Igan inzwischen im kleinen Thronsaal des Burgfrieds eingefunden. Sieghelm, der nun darauf bestand, dass man ihn nun vorr\u00fcbergehend nicht mehr &#8222;von Spichbrecher&#8220; oder &#8222;Junker&#8220; nannte, sondern &#8222;Sieghelm von Donnerwacht&#8220; &#8211; sa\u00df nachdenktlich auf dem schwarzen Polster seines ehemaligen Junkernthrons. Mit der Spitze nach unten gerichtet, lehnte er sich leicht aus Custoris &#8211; dem Donnernden Verteidiger der Ehre.<\/p>\n<p><strong>&#8222;Es gilt einige wichtige Briefe zu verfassen, mein Herr.&#8220; <\/strong>spricht der Vogt mit geschwollener Stimme, w\u00e4hrend er seine Finger vor seinem beleibten Bauch ineinander schiebt. Die Blicke aller richten sich auf den gebeutelten jungen Streiter Rondras, der noch immer sichtlich damit zu k\u00e4mpfen hat, welches Schicksal er \u00fcber sich, seine Familie und dieses Land gebracht hat. <strong>&#8222;Ich werde der Meisterin des Bundes der Senne S\u00fcd schreiben, Eminenz Bibernell von Hengisford. Sie hat mir ihre Unterst\u00fctzung bereits zugesagt. Sie \u00fcberreichte mir Custoris und sie<\/strong> &#8230;<strong> &#8220; <\/strong>an der Stelle stockte Sieghelm kurz um zu allen aufzusehen.\u00a0<strong>&#8220; &#8230; instruierte mich \u00fcber eine mir bevorstehende g\u00f6ttliche Queste. Ihr Unterst\u00fctzung sollte unserem Vorhaben gewiss sein.<\/strong><strong>&#8220; <\/strong>Der Vogt deutet mit seinem dicken Kinn ein nicken an. <strong>&#8222;Wie ihr w\u00fcnscht &#8230; eure Exzellenz.&#8220;<\/strong> die letzten Worte waren so geschwollen und bedeutungsschwanger gesprochen, dass es Sieghelm zugleich schmeichelte und herausforderte. Noch war der Orden nicht ger\u00fcndet, doch wenn es soweit w\u00e4re, w\u00e4re dies &#8211; und das wusste Sieghelm &#8211; seine n\u00e4chste Titulatur. <strong>&#8222;Wenn ihr mir erlaubt euch euen Vorschlag zu unterbreiten.&#8220; <\/strong>setzte der Vogt dann fort. <strong>&#8222;Es w\u00e4re ratsam die niederen Adeligen der Baronie zu kontakten. Zum einen um die Truppen des Hochwohlgeborens, eures Baron Vaters zu minimieren, und zum anderen um sich deren Unterst\u00fctzung zu sichern. Zwei ihrer Abk\u00f6mmlinge haben sich euch angeschlossen, die Familien k\u00f6nnten es sonst als Herausforderung ansehen.&#8220;<\/strong> Sieghelm brauchte nicht lange zu \u00fcberlegen. Sein Vogt hatte recht. Wer in diesem Land herrschen wollte, der m\u00fcsse das Feudale System beachten und sich mit den Adeligen gutstellen. Mit kr\u00e4ftiger Stimme wandte er sich an den Vogt: <strong>&#8222;Sendet Raben an die Adelssitze der Korningers, der Hardmunds und der Gr\u00fcnbachers &#8230; verk\u00fcndet ihnen, dass Hochstieg Ordensburg geworden ist und wir uns einem h\u00f6heren Ziel verschrieben haben. Jeder der willens ist, kann sich unserer Sache anschlie\u00dfen und mit uns k\u00e4mpfen.&#8220; <\/strong>Wieder nickte der Vogt. <strong>&#8222;Gut, dass ihr es ansprecht, eure Exzellenz. Welcher Sache verschreibt sich euer Orden? Und &#8230; was wohl ebenso wichtig ist, wie hei\u00dft er?&#8220; <\/strong>Sieghelm hielt den Atem an, die Frage \u00fcberrascht ihne. Eigentlich lag die Antwort doch klar auf der Hand f\u00fcr welche Sache sich der Orden verschreiben wird. Doch dann wurde ihm klar, dass man das nicht so deutlich formulieren durfte &#8211; zumindest nicht am Anfang. Nicht alle Kirchen wu\u00dften von der gro\u00dfen Bedrohung aus dem Vortex, einige von ihnen k\u00f6nnten es als Beleidigung Auffassen oder gar als H\u00e4resie! Sieghelm sah zu seinen Begleitern. <strong>&#8222;Ein Orden braucht, noch ehe er einen Namen hat, einen Kodex &#8211; was werden unsere Ziele sein?&#8220;<\/strong><\/p>\n","protected":false},"excerpt":{"rendered":"<p>Interludium 12 &#8211; Ordensgr\u00fcndung Am Abend des 6. Phex &#8211; dem 1. Tag der Unabh\u00e4ngigkeitserkl\u00e4rung Hochstiegs. Es ist Abend geworden in Hochstieg. W\u00e4hrend sich die Botin Firuns zusammen mit Maednir dem B\u00e4ren noch immer auf Jagd befand, hatten sich Sieghelm, Jane, Traviahold, Delia, Nehazet, der Vogt Angrond und der treue Ritter der Rose Igan inzwischen [&hellip;]<\/p>\n","protected":false},"author":6,"featured_media":0,"parent":592,"menu_order":0,"comment_status":"open","ping_status":"closed","template":"","meta":{"footnotes":""},"class_list":["post-6977","page","type-page","status-publish","hentry"],"_links":{"self":[{"href":"https:\/\/teehausgeschichten.de\/index.php?rest_route=\/wp\/v2\/pages\/6977","targetHints":{"allow":["GET"]}}],"collection":[{"href":"https:\/\/teehausgeschichten.de\/index.php?rest_route=\/wp\/v2\/pages"}],"about":[{"href":"https:\/\/teehausgeschichten.de\/index.php?rest_route=\/wp\/v2\/types\/page"}],"author":[{"embeddable":true,"href":"https:\/\/teehausgeschichten.de\/index.php?rest_route=\/wp\/v2\/users\/6"}],"replies":[{"embeddable":true,"href":"https:\/\/teehausgeschichten.de\/index.php?rest_route=%2Fwp%2Fv2%2Fcomments&post=6977"}],"version-history":[{"count":1,"href":"https:\/\/teehausgeschichten.de\/index.php?rest_route=\/wp\/v2\/pages\/6977\/revisions"}],"predecessor-version":[{"id":6979,"href":"https:\/\/teehausgeschichten.de\/index.php?rest_route=\/wp\/v2\/pages\/6977\/revisions\/6979"}],"up":[{"embeddable":true,"href":"https:\/\/teehausgeschichten.de\/index.php?rest_route=\/wp\/v2\/pages\/592"}],"wp:attachment":[{"href":"https:\/\/teehausgeschichten.de\/index.php?rest_route=%2Fwp%2Fv2%2Fmedia&parent=6977"}],"curies":[{"name":"wp","href":"https:\/\/api.w.org\/{rel}","templated":true}]}}