{"id":6236,"date":"2015-01-13T08:37:27","date_gmt":"2015-01-13T07:37:27","guid":{"rendered":"http:\/\/teehausgeschichten.de\/?page_id=6236"},"modified":"2016-07-08T09:11:56","modified_gmt":"2016-07-08T07:11:56","slug":"elfenbein","status":"publish","type":"page","link":"https:\/\/teehausgeschichten.de\/?page_id=6236","title":{"rendered":"Elfenbein"},"content":{"rendered":"<p>ein riesiger <strong>wei\u00dfer Wolf<\/strong> von <a href=\"https:\/\/teehausgeschichten.de\/?page_id=96\">Azina saba Belima<\/a><a href=\"https:\/\/teehausgeschichten.de\/wp-content\/uploads\/2015\/01\/Elfenbein2.jpg\" rel=\"attachment wp-att-7093\"><img loading=\"lazy\" decoding=\"async\" class=\"alignright wp-image-7093\" src=\"https:\/\/teehausgeschichten.de\/wp-content\/uploads\/2015\/01\/Elfenbein2.jpg\" alt=\"Elfenbein2\" width=\"400\" height=\"400\" srcset=\"https:\/\/teehausgeschichten.de\/wp-content\/uploads\/2015\/01\/Elfenbein2.jpg 720w, https:\/\/teehausgeschichten.de\/wp-content\/uploads\/2015\/01\/Elfenbein2-150x150.jpg 150w, https:\/\/teehausgeschichten.de\/wp-content\/uploads\/2015\/01\/Elfenbein2-300x300.jpg 300w\" sizes=\"auto, (max-width: 400px) 100vw, 400px\" \/><\/a><\/p>\n<p><img loading=\"lazy\" decoding=\"async\" class=\"alignleft wp-image-5613\" src=\"https:\/\/teehausgeschichten.de\/wp-content\/uploads\/2014\/07\/Elfenbein.jpg\" alt=\"Wolf\" width=\"210\" height=\"244\" srcset=\"https:\/\/teehausgeschichten.de\/wp-content\/uploads\/2014\/07\/Elfenbein.jpg 754w, https:\/\/teehausgeschichten.de\/wp-content\/uploads\/2014\/07\/Elfenbein-258x300.jpg 258w\" sizes=\"auto, (max-width: 210px) 100vw, 210px\" \/><\/p>\n<p>&nbsp;<\/p>\n<p><strong>Gr\u00f6\u00dfe:<\/strong> 1 Schritt Schulterh\u00f6he (etwa h\u00fcfthoch)<\/p>\n<p><strong>Gewicht:<\/strong> &#8211; Stein<\/p>\n<p><strong>Alter:<\/strong> unbekannt<\/p>\n<p><strong>Aussehen:<\/strong> dichtes weiches wei\u00dfes Fell, sehr gro\u00df und kr\u00e4ftig, kluger wissender Blick<\/p>\n<p><strong>Eigenarten:<\/strong> sehr intelligent, mystisch und mysteri\u00f6s; sehr verspielt und gilt als die Verk\u00f6rperung Ifirns<\/p>\n<p><strong>Ausbildung:<\/strong> unbekannt<\/p>\n<p>&nbsp;<\/p>\n<p>&nbsp;<\/p>\n<p>&nbsp;<\/p>\n<p><strong>Besondere F\u00e4higkeiten:<\/strong><\/p>\n<ul>\n<li>grunds\u00e4tzlich ist nicht viel bekannt<\/li>\n<li>er steht mit Azina im geistigen Bunde und verst\u00e4rkt ihre F\u00e4higkeiten der zweiten Sicht (ihre Konzentrationsf\u00e4higkeit)<\/li>\n<li>er immunisiert sie mit seiner Anwesenheit gegen die K\u00e4lte<\/li>\n<li>sie kann mit ihm sprachlich und geistig kommunizieren &#8211; er versteht die menschliche Sprache<\/li>\n<li>er kann Geister sp\u00fcren und mit seinem Bellen angreifen<\/li>\n<li>er verhilft Azina zum Zutritt zur Parallelwelt des Garnan; das Tor ist das Heiligtum der Ifirn<\/li>\n<\/ul>\n<p><strong>Elfenbeins Geschichte:<\/strong><\/p>\n<p>Er ward einst von Firun gemeinsam mit Ebenholz (einem schwarzen Wolf) als Gef\u00e4hrten f\u00fcr den Bogensch\u00fctzen Garnan gegeben.<\/p>\n<p>Azina fiel im Kampf gegen Shariin Boran, einem Trollzackerschamanen, w\u00e4hrend eines Schneesturmes in den Trollzacken. Elfenbein rettete die junge J\u00e4gerin vor dem Tod. Sie wachte in der H\u00fctte des Garnan auf, der sie als seine Sch\u00fclerin annahm, wenn sie die Pr\u00fcfung bestehe. Die Pr\u00fcfung war zugleich die erste Lektion. Azina musste gemeinsam mit Elfenbein, der reges Interesse an ihr zeigte, drei Tage auf einem Felsen ausharren und sich auf die Natur einstimmen. Mit Hilfe von Elfenbein sp\u00fcrt sie nach kurzer Zeit die K\u00e4lte der Umgebung nicht mehr. Auch hilft er ihr bei der Konzentration auf die zweite Sicht, die sie hier erlernte. Nach bestandener Pr\u00fcfung vermachte Garnan Azina Elfenbein.<\/p>\n<p>W\u00e4hrend des weiteren Trainings triffen sie auf den legend\u00e4ren Hippogriff Zeitenflug, der sie zum Gipfel des Roten Riesen fliegt, um ihren Freunden in der Schlacht gegen den viergeh\u00f6rnten D\u00e4mon Archorhobai beizustehen und schlie\u00dflich zu vernichten. Vernichten, nicht zur zur\u00fcck in seine Sp\u00e4hre zu schicken. Die H\u00fclle liegt noch immer auf der Bergspitze. Einer seiner Z\u00e4hne ziert nun Azinas Troph\u00e4hensammlung, um ihren Hals.<\/p>\n<p>Sp\u00e4ter suchten sie Garnan erneut auf. Sie stellte fest, dass dieser sich in einer Art Parallelwelt aufh\u00e4lt. Der \u00dcbergang ist eine Blaukristallformation, die auf das Sternenzeichen der Ifirn ausgerichtet ist. Nur ihr und Elfenbein wird der Zugang zur rechten Stunde gew\u00e4hrt.<\/p>\n<p>&nbsp;<\/p>\n","protected":false},"excerpt":{"rendered":"<p>ein riesiger wei\u00dfer Wolf von Azina saba Belima &nbsp; Gr\u00f6\u00dfe: 1 Schritt Schulterh\u00f6he (etwa h\u00fcfthoch) Gewicht: &#8211; Stein Alter: unbekannt Aussehen: dichtes weiches wei\u00dfes Fell, sehr gro\u00df und kr\u00e4ftig, kluger wissender Blick Eigenarten: sehr intelligent, mystisch und mysteri\u00f6s; sehr verspielt und gilt als die Verk\u00f6rperung Ifirns Ausbildung: unbekannt &nbsp; &nbsp; &nbsp; Besondere F\u00e4higkeiten: grunds\u00e4tzlich ist [&hellip;]<\/p>\n","protected":false},"author":5,"featured_media":0,"parent":96,"menu_order":0,"comment_status":"open","ping_status":"closed","template":"","meta":{"footnotes":""},"class_list":["post-6236","page","type-page","status-publish","hentry"],"_links":{"self":[{"href":"https:\/\/teehausgeschichten.de\/index.php?rest_route=\/wp\/v2\/pages\/6236","targetHints":{"allow":["GET"]}}],"collection":[{"href":"https:\/\/teehausgeschichten.de\/index.php?rest_route=\/wp\/v2\/pages"}],"about":[{"href":"https:\/\/teehausgeschichten.de\/index.php?rest_route=\/wp\/v2\/types\/page"}],"author":[{"embeddable":true,"href":"https:\/\/teehausgeschichten.de\/index.php?rest_route=\/wp\/v2\/users\/5"}],"replies":[{"embeddable":true,"href":"https:\/\/teehausgeschichten.de\/index.php?rest_route=%2Fwp%2Fv2%2Fcomments&post=6236"}],"version-history":[{"count":8,"href":"https:\/\/teehausgeschichten.de\/index.php?rest_route=\/wp\/v2\/pages\/6236\/revisions"}],"predecessor-version":[{"id":7100,"href":"https:\/\/teehausgeschichten.de\/index.php?rest_route=\/wp\/v2\/pages\/6236\/revisions\/7100"}],"up":[{"embeddable":true,"href":"https:\/\/teehausgeschichten.de\/index.php?rest_route=\/wp\/v2\/pages\/96"}],"wp:attachment":[{"href":"https:\/\/teehausgeschichten.de\/index.php?rest_route=%2Fwp%2Fv2%2Fmedia&parent=6236"}],"curies":[{"name":"wp","href":"https:\/\/api.w.org\/{rel}","templated":true}]}}