{"id":586,"date":"2012-01-10T15:45:11","date_gmt":"2012-01-10T14:45:11","guid":{"rendered":"http:\/\/teehausgeschichten.de\/?page_id=586"},"modified":"2013-06-04T12:25:19","modified_gmt":"2013-06-04T10:25:19","slug":"forumspiel","status":"publish","type":"page","link":"https:\/\/teehausgeschichten.de\/?page_id=586","title":{"rendered":"Forumspiel"},"content":{"rendered":"<h2 style=\"text-align: justify;\"><em><a href=\"https:\/\/teehausgeschichten.de\/wp-content\/uploads\/2012\/01\/thorwal_3.png\"><img loading=\"lazy\" decoding=\"async\" class=\"alignleft size-medium wp-image-594\" style=\"border: 3px solid grey;\" title=\"thorwal_3\" alt=\"\" src=\"https:\/\/teehausgeschichten.de\/wp-content\/uploads\/2012\/01\/thorwal_3-186x300.png\" width=\"186\" height=\"300\" srcset=\"https:\/\/teehausgeschichten.de\/wp-content\/uploads\/2012\/01\/thorwal_3-186x300.png 186w, https:\/\/teehausgeschichten.de\/wp-content\/uploads\/2012\/01\/thorwal_3.png 311w\" sizes=\"auto, (max-width: 186px) 100vw, 186px\" \/><\/a><span style=\"color: #808080;\">FORUMSPIEL (INTERLUDIUM)<\/span><br \/>\n<\/em><\/h2>\n<p style=\"text-align: justify;\"><em>&#8222;Willkommen, Reisender &#8211; setz dich dazu und lausche unseren Geschichten und Abenteuern die wir zu erz\u00e4hlen haben. Vielleicht wird euch die ein oder andere davon ja sogar dazu anhalten selbst einmal irgendwann auszuziehen und Abenteuer zu bestehen! Nehmt euch einen Humpn Bier, oder vielleicht doch lieber einen Tee? &#8230; und macht es euch gem\u00fctlich. Wo fangen wir denn am besten an &#8230; &#8222;<\/em><\/p>\n<h4 style=\"text-align: justify;\"><span style=\"color: #808080;\"><em>Die Idee<\/em>:<\/span><\/h4>\n<p style=\"text-align: justify;\">Leider ist es uns ja nicht verg\u00f6nnt jeden zweiten Tag miteinander Rollenspiel zu spielen, und wenn dem so w\u00e4re, dann h\u00e4tte der Meister echt viel zutun. Da wir jedoch zwischen den einzelnen Spielterminen jedoch nicht darauf verzichten wollen Rollenspiel zu spielen, m\u00f6chte Euch Euer Schicksal eine Plattform bieten dies tun zu k\u00f6nnen. W\u00e4hrend der Abenteuer gibt es immer wieder mal Leerlaufzeiten in denen die Charaktere &#8222;nichts Sinnvolles&#8220; unternehmen, warum diese Blase an wertvoller Zeit nicht mit etwas Charaktervertiefung f\u00fcllen? Da wir beim abendlichen Zusammensitzen am Tisch nicht die Zeit haben Stundenlang nur Charaktervertiefung zu betreiben, da sonst der Meister am Tisch irgendwann zappelig wird da er bef\u00fcrchtet malwieder mit der eigentlichen Geschichte nicht weiter zu kommen, bietet sich hiernun die M\u00f6glichkeit daf\u00fcr!<\/p>\n<h4 style=\"text-align: justify;\"><span style=\"color: #808080;\"><em>Bestimmung eines Interludiums:<\/em><\/span><\/h4>\n<p style=\"text-align: justify;\">Der Meister der Gruppe bestimmt Zeit und Ort des Interludiums, am besten schon w\u00e4hrend des laufenden Rollenspiels. Dies kann zum Beispiel eine Rast am Wegesrand, eine harmlose \u00dcbernachtung in einer Taverne oder auch au\u00dferordentliche Szene innerhalb einer Stadt sein. Diese Szene wird dann zum &#8222;Interludium&#8220; erkl\u00e4rt, welches von den Spielern dann nach Beendigung des eigentlichen Rollenspielabends gem\u00fctlich vom heimischen Rechner aus bespielt werden kann. Auf diese Weise wird eigentlich inhaltlose Zeit nachtr\u00e4glich mit Inhalt und Charaktervertiefung bef\u00fcllt, w\u00e4hrend das eigentliche Abenteuer am Tisch weiter gehen kann.<\/p>\n<p style=\"text-align: justify;\">Selbstverst\u00e4ndlich kann es so auch zu mehreren Forumspielen kommen die zeitgleich bespielt werden, da so ein Forumspiel sich ja immerhin \u00fcber mehrere Monate hinziehen kann.<\/p>\n<h4 style=\"text-align: justify;\"><span style=\"color: #808080;\"><em>Belohnung<\/em>:<\/span><\/h4>\n<p style=\"text-align: justify;\">Der Meister der jeweiligen Gruppe wird das Forumspiel entweder selbst initiieren oder es unetr Absprache initiieren lassen, alle teilnehmender Spieler sind dazu angehalten mitzumachen, denn dieses Forumspiel bietet nicht nur die M\u00f6glichkeit seine Charakter zu vertiefen, sondern daf\u00fcr auch noch <strong>Abenteuerpunkte<\/strong> abzugreifen. Je nach Tiefgang und Aufwand des Rollenspiels, entscheidet der Meister nach Abschluss der Szene (und das sollte jede Szene auch haben), wie viel Abenteuerpunkte an die jeweiligen Spieler vergeben werden.<\/p>\n<h4><span style=\"color: #808080;\"><em>Wie funktioniert Forumspiel?<\/em><\/span><\/h4>\n<p>Da es nicht jeder von uns schonmal gemacht hat, folgt eine kurze Erl\u00e4uterung zum Forumspiel sowie ein paar kleinere Regeln um Umgang mit andere Spielern und NSC&#8217;s.<\/p>\n<p><span style=\"color: #808080;\"><em><strong>Wie spiele ich mit?<\/strong><\/em><\/span><\/p>\n<p style=\"padding-left: 30px; text-align: justify;\">Es ist davon abzusehen die Eintr\u00e4ge anderer zu editieren, bitte stets eine &#8222;Antwort&#8220; geben, dies k\u00f6nnt ihr direkt auf der Teehausgeschichteseite tun ohne euch daf\u00fcr im Dashboard selbst zu befinden (Meldet euch jedoch vorher an).<em><\/em><\/p>\n<p style=\"text-align: justify;\"><span style=\"color: #808080;\"><em><strong>Interaktionen mit NSC&#8217;s und dem Schicksal<\/strong><\/em><\/span><\/p>\n<p style=\"text-align: justify; padding-left: 30px;\">NSC&#8217;s werden &#8211; soweit m\u00f6glich &#8211; vom derzeitigen Meister der Gruppe gespielt<em>. <\/em>Es ist jedoch ohne weiteres m\u00f6glich kleine selbstverst\u00e4ndliche Handlungen von NSC&#8217;s in seinen Text miteinflie\u00dfen zu lassen. Ein Beispiel ist hier eine Szene in einer Taverne, wo der Spielercharakter ein Bier bestellt. Der Spieler braucht nun nicht darauf zu warten bis der Meister dies in seinem Text best\u00e4tigt und beschreibt wie der Wirt ein Bier zapft und anschlie\u00dfend kr\u00e4denzt, sondern kann das servieren des Bieres ohne weiteres in seinem Text miteinbauen. Zu beachten ist hierbei, das f\u00fcr den gesunden Menschenverstand <strong>selbstverst\u00e4ndliche Handlungen<\/strong>, welche von NSC&#8217;s erwarten werden k\u00f6nnen, ruhigen gewissens eingebaut werden k\u00f6nnen<em>. <\/em>Dar\u00fcber hinaus k\u00f6nnen auch einfache Handlungen wie suggestive und unwillk\u00fcrliche Bewegungen &#8222;benutzt&#8220; werden<em>. <\/em><\/p>\n<p style=\"text-align: justify; padding-left: 30px;\">Das betreten von neuen, bisher vom Meister nicht beschriebe Bereiche, unterliegt ebenfalls der Regel das jeder ansich tun kann was er m\u00f6chte, man jedoch die Welt drumherum nicht versucht selbst zu beschreiben. Ein Beispiel hier ist es, dass ein Spieler die Taverne verl\u00e4sst um zum Brunnen zu gehen, hier ist es nat\u00fcrlich erlaubt &#8211; im Sinne der Charaktervertiefung &#8211; beispielsweise eine Magd einzubauen die ebenfalls am Brunnen steht und dort etwas Wasser sch\u00f6pft und mit ihr zu intergieren, hierf\u00fcr ist es nicht notwendig erst auf den Meister zu warten. Betritt ein Spieler mit seinem Charakter einen bisher komplett unbekannten Bereich, dann w\u00e4re es anzuraten zuerst auf eine Beschreibung des Meisters zu warten.<\/p>\n<p style=\"text-align: justify;\"><span style=\"color: #808080;\"><em><strong>Was kann und darf ich schreiben?<\/strong><\/em><\/span><\/p>\n<p style=\"text-align: justify; padding-left: 30px;\">Generell ist so ziemlich alles erlaubt was zur Vertiefung des Charakters dienlich ist. Man sollte sich dabei stets vor Augen halten, dass der dadurch entstehende Wechsel von Kommentaren sich sp\u00e4ter <strong>liest wie ein gutes Buch. <\/strong>Wie jeder von uns wei\u00df, beinhaltet dies die Gef\u00fchle, die Bewegungen und auch die artikulierten S\u00e4tze eines Charakters<em><strong>, <\/strong><\/em>denn nur das gekonnte Zusammenspiel dieser verschiedenen Erkl\u00e4rungsmethoden rundet das ganze am Ende so ab das es nicht nur Freude macht es zu lesen, sondern man so auch einen vertieften Eindruck in den Charakter bekommt &#8211; daher Charaktervertiefung!<\/p>\n<p style=\"text-align: justify;\"><span style=\"color: #808080;\"><em><strong><em><strong>Wann schreibe ich etwas und was mache ich wenn jemand mit dem mein Charakter interagiert nicht antwortet?<\/strong><\/em><\/strong><\/em><\/span><\/p>\n<p style=\"padding-left: 30px; text-align: justify;\">Einsteigen kann jeder wann immer er es m\u00f6chte, es sei denn die Gruppe befindet sich irgendwo in einem abgeschlossenen Bereich und es gab einen Charakter der w\u00e4hrend der Festlegung des Interludiums noch nicht dabei war. Hierbei obliegt es dem Meister eine M\u00f6glichkeit zu finden den Charakter ebenfalls dazusto\u00dfen zu lassen.<em><\/em><em> <\/em><strong><em><strong><\/strong><\/em><\/strong><\/p>\n<p style=\"padding-left: 30px; text-align: justify;\">Da nicht jeder Spieler aktiv im Forum mitspielt, oder schlichtweg auch nicht immer Zeit hat, kann es mal zu einem erliegen eines Gespr\u00e4chs kommen wenn man seinen Charakter mit einem anderen Charakter interagieren l\u00e4sst. Nach verstreichen einer <strong>&#8222;Abwartefrist von drei Tagen&#8220;<\/strong>, ist es legitim seinen Charakter dann einfach mit etwas anderem zu besch\u00e4ftigen. Hierbei ist zu beachten das man seinen Charakter nicht darauf eingehen l\u00e4sst das der andere nicht geantwortet hat &#8211; da der Charakter mit Sicherheit geantwortet h\u00e4tte, man jedoch nicht den Charakter daf\u00fcr verantwortlich machen sollte wenn der Spieler nicht die n\u00f6tige Zeit daf\u00fcr hat. <em><strong><em><strong><br style=\"text-align: justify; padding-left: 30px;\" \/><\/strong><\/em><\/strong><\/em><\/p>\n<p><span style=\"color: #808080;\"><em><strong><em><strong>Besteht auch die M\u00f6glichkeit von W\u00fcrfelproben?<\/strong><\/em><\/strong><\/em><\/span><\/p>\n<p style=\"padding-left: 30px;\">Ja, allerdings sollten diese selten sein, da de Grundgedanke des Forumspiels eine spielerische Charaktervertiefung ist f\u00fcr die keine Proben notwenig sein sollten. Gesetzt dem Fall, dass es trotzdem mal vorkommt, setzt der Meister hierbei auf die Ehrlichkeit der Spieler die Proben bei sich zuhause zu W\u00fcrfeln und die Ergebnisse dann im Text mitzuteilen.<em><\/em><em><\/em><\/p>\n<p><span style=\"color: #888888;\"><strong><em>Laufende Forumspiele<\/em><\/strong><\/span><\/p>\n<ul>\n<li><a href=\"https:\/\/teehausgeschichten.de\/?page_id=590\">Hier geht es zur \u00dcbersicht der Forumspiele der Gruppe Andergast<\/a><\/li>\n<\/ul>\n<ul>\n<li><a href=\"https:\/\/teehausgeschichten.de\/?page_id=592\">Hier geht es zur \u00dcbersicht der Forumspiele der Gruppe Teehaus<\/a><\/li>\n<\/ul>\n","protected":false},"excerpt":{"rendered":"<p>FORUMSPIEL (INTERLUDIUM) &#8222;Willkommen, Reisender &#8211; setz dich dazu und lausche unseren Geschichten und Abenteuern die wir zu erz\u00e4hlen haben. Vielleicht wird euch die ein oder andere davon ja sogar dazu anhalten selbst einmal irgendwann auszuziehen und Abenteuer zu bestehen! Nehmt euch einen Humpn Bier, oder vielleicht doch lieber einen Tee? &#8230; und macht es euch [&hellip;]<\/p>\n","protected":false},"author":6,"featured_media":0,"parent":0,"menu_order":3,"comment_status":"open","ping_status":"closed","template":"","meta":{"footnotes":""},"class_list":["post-586","page","type-page","status-publish","hentry"],"_links":{"self":[{"href":"https:\/\/teehausgeschichten.de\/index.php?rest_route=\/wp\/v2\/pages\/586","targetHints":{"allow":["GET"]}}],"collection":[{"href":"https:\/\/teehausgeschichten.de\/index.php?rest_route=\/wp\/v2\/pages"}],"about":[{"href":"https:\/\/teehausgeschichten.de\/index.php?rest_route=\/wp\/v2\/types\/page"}],"author":[{"embeddable":true,"href":"https:\/\/teehausgeschichten.de\/index.php?rest_route=\/wp\/v2\/users\/6"}],"replies":[{"embeddable":true,"href":"https:\/\/teehausgeschichten.de\/index.php?rest_route=%2Fwp%2Fv2%2Fcomments&post=586"}],"version-history":[{"count":12,"href":"https:\/\/teehausgeschichten.de\/index.php?rest_route=\/wp\/v2\/pages\/586\/revisions"}],"predecessor-version":[{"id":613,"href":"https:\/\/teehausgeschichten.de\/index.php?rest_route=\/wp\/v2\/pages\/586\/revisions\/613"}],"wp:attachment":[{"href":"https:\/\/teehausgeschichten.de\/index.php?rest_route=%2Fwp%2Fv2%2Fmedia&parent=586"}],"curies":[{"name":"wp","href":"https:\/\/api.w.org\/{rel}","templated":true}]}}