{"id":532,"date":"2012-01-10T10:43:14","date_gmt":"2012-01-10T09:43:14","guid":{"rendered":"http:\/\/teehausgeschichten.de\/?page_id=532"},"modified":"2013-11-03T04:23:32","modified_gmt":"2013-11-03T03:23:32","slug":"sahib-selim-alharab-ibn-said","status":"publish","type":"page","link":"https:\/\/teehausgeschichten.de\/?page_id=532","title":{"rendered":"Sahib Selim al&#8217;Harab ibn Said"},"content":{"rendered":"<p><a href=\"https:\/\/teehausgeschichten.de\/wp-content\/uploads\/2012\/01\/Sahib-Selim-ibn-Said.jpg\"><img loading=\"lazy\" decoding=\"async\" class=\"alignleft size-medium wp-image-533\" title=\"Sahib Selim ibn Said\" alt=\"\" src=\"https:\/\/teehausgeschichten.de\/wp-content\/uploads\/2012\/01\/Sahib-Selim-ibn-Said-208x300.jpg\" width=\"208\" height=\"300\" srcset=\"https:\/\/teehausgeschichten.de\/wp-content\/uploads\/2012\/01\/Sahib-Selim-ibn-Said-208x300.jpg 208w, https:\/\/teehausgeschichten.de\/wp-content\/uploads\/2012\/01\/Sahib-Selim-ibn-Said.jpg 249w\" sizes=\"auto, (max-width: 208px) 100vw, 208px\" \/><\/a> <strong><em>Rasse \/ Kultur:<\/em><\/strong> Tulamide<\/p>\n<p><strong><em>Glaube:<\/em><\/strong> 12 G\u00f6tter Pantheon &#8211; vorwiegend Phex und Travia<\/p>\n<p><strong><em>Alter:<\/em><\/strong> Anfang 40<\/p>\n<p><em><strong>Erscheinungsbild:<\/strong><\/em> Bronzefarbene, ledrige vom Wetter der Steppe gegerbte Haut. Braune und ruhige Augen, dazu ein gepflegter gestutzter Bart. F\u00fcr einen Karawanenf\u00fchrer typische Kleidung, Beigefarbene Tunika, edle spitze Schnabelschuhe und ein bunter G\u00fcrtel mit eingefassten Halbedelsteinen.<\/p>\n<p><strong><em>Profession:<\/em><\/strong> Karawanenf\u00fchrer<\/p>\n<p>&nbsp;<\/p>\n<p>Sahib Selim al&#8217;Harab ibn Said, ist ein besonnener und eher untypischer Vertreter seiner Kultur. Der Ehrentitel &#8222;al&#8217;Harab&#8220; steht f\u00fcr &#8222;der Ruhige&#8220; &#8211; was seinen generellen Wesenszug wohl am besten beschreibt. Kennengelernt hat die Gruppe ihn im Rahja des Jahres 1025 n. BF auf der Zedernstra\u00dfe Richtung Fasar, und schon nach kurzer Zeit gelang es den Helden seinen Respekt zu gewinnen &#8211; als auch andersrum. Sahib Selim hat nach eigenen Aussagen mehrere Kinder und eine im Traviabund stehende Frau Zuhause in Selicum. Neben seinem aus seinem Beruf entsprungenen Gesch\u00e4ftssinn, hat er auch noch eine besondere Vorliebe f\u00fcr das Brettspiel &#8211; ganz besonders Rote und Wei\u00dfe Kamele. Sahib Selim lebt besonders gro\u00dfen Wert auf Einhaltung der Etikette &#8211; was sich u.a. darin \u00e4u\u00dfert das eine &#8222;Dame&#8220; den Vorzug genie\u00dft zusammen mit ihm auf seinem Pferd reisen zu d\u00fcrfen. M\u00e4nnern hingegen d\u00fcrfen, wenn sie nicht selbst ein Reittier besitzen, nebenher laufen.<\/p>\n<p>Sahib Selims Karawane, zu der eine Schmuckh\u00e4ndlerin, ein Kr\u00e4mer und ein T\u00f6pfer geh\u00f6ren, reist normalerweise die Zedernstra\u00dfe entlang, also von Fasar, bis nach Erkinstein, anschlie\u00dfend hoch bis nach Ragath und manchmal sogar bis nach Ferdok. Er selbst f\u00fchrt dabei kein festes Gesch\u00e4ft, sondern k\u00fcmmert sich um die ganzen Verwaltungsdinge, wie das Anheuern von S\u00f6ldnern, aushandeln von Z\u00f6llen und Karawansereipreisen und Anleiten der Karawane selbst. Er f\u00fchrt zudem die Karawansereikasse und handelt selbst nur gelegentlich mit seltenen Antiquit\u00e4ten oder Artefakten.<\/p>\n<blockquote>\n<p style=\"text-align: center;\"><em>&#8222;Bei Phex, ich leite diese Karawane schon seit vielen G\u00f6tterl\u00e4ufen an &#8211; seht es mir daher bitte nach, dass ich es mir Erlaube meine Handlungen auf meiner Erfahrung fu\u00dfen zu lassen.&#8220;<\/em><\/p>\n<p style=\"text-align: center;\"><em>&#8222;M\u00f6ge Aves uns einen ruhigen Weg erm\u00f6glichen und Phex und dabei hold sein.&#8220;<\/em><\/p>\n<\/blockquote>\n<p>&nbsp;<\/p>\n<p><strong><em>Besondere Ereignisse:<\/em><\/strong><\/p>\n<p><em>30. Rahja 1025 n.BF:<\/em> Nach einem Disput mit den S\u00f6ldner die die Karawane besch\u00fctzen sollen, kommt es zu einem \u00dcbergriff und Sahib Selim wird die Kehle aufgeschlitzt, durch beherztes Eingreifen von Jane Pedderson und Adeptus Nehazet gelingt es den Helden jedoch ihn zu Retten und sogar seine Stimme wiederherzustellen.<br \/>\n<em>03. Nameloser 1025 n.BF:<\/em> Sahib Selim war soweit erholt, dass er erneut die Leitung seiner Karawane \u00fcbernehmen konnte.<\/p>\n<p>&nbsp;<\/p>\n","protected":false},"excerpt":{"rendered":"<p>Rasse \/ Kultur: Tulamide Glaube: 12 G\u00f6tter Pantheon &#8211; vorwiegend Phex und Travia Alter: Anfang 40 Erscheinungsbild: Bronzefarbene, ledrige vom Wetter der Steppe gegerbte Haut. Braune und ruhige Augen, dazu ein gepflegter gestutzter Bart. F\u00fcr einen Karawanenf\u00fchrer typische Kleidung, Beigefarbene Tunika, edle spitze Schnabelschuhe und ein bunter G\u00fcrtel mit eingefassten Halbedelsteinen. Profession: Karawanenf\u00fchrer &nbsp; Sahib [&hellip;]<\/p>\n","protected":false},"author":6,"featured_media":0,"parent":4693,"menu_order":0,"comment_status":"open","ping_status":"closed","template":"","meta":{"footnotes":""},"class_list":["post-532","page","type-page","status-publish","hentry"],"_links":{"self":[{"href":"https:\/\/teehausgeschichten.de\/index.php?rest_route=\/wp\/v2\/pages\/532","targetHints":{"allow":["GET"]}}],"collection":[{"href":"https:\/\/teehausgeschichten.de\/index.php?rest_route=\/wp\/v2\/pages"}],"about":[{"href":"https:\/\/teehausgeschichten.de\/index.php?rest_route=\/wp\/v2\/types\/page"}],"author":[{"embeddable":true,"href":"https:\/\/teehausgeschichten.de\/index.php?rest_route=\/wp\/v2\/users\/6"}],"replies":[{"embeddable":true,"href":"https:\/\/teehausgeschichten.de\/index.php?rest_route=%2Fwp%2Fv2%2Fcomments&post=532"}],"version-history":[{"count":12,"href":"https:\/\/teehausgeschichten.de\/index.php?rest_route=\/wp\/v2\/pages\/532\/revisions"}],"predecessor-version":[{"id":4701,"href":"https:\/\/teehausgeschichten.de\/index.php?rest_route=\/wp\/v2\/pages\/532\/revisions\/4701"}],"up":[{"embeddable":true,"href":"https:\/\/teehausgeschichten.de\/index.php?rest_route=\/wp\/v2\/pages\/4693"}],"wp:attachment":[{"href":"https:\/\/teehausgeschichten.de\/index.php?rest_route=%2Fwp%2Fv2%2Fmedia&parent=532"}],"curies":[{"name":"wp","href":"https:\/\/api.w.org\/{rel}","templated":true}]}}