{"id":5054,"date":"2014-01-19T12:52:09","date_gmt":"2014-01-19T11:52:09","guid":{"rendered":"http:\/\/teehausgeschichten.de\/?page_id=5054"},"modified":"2014-01-19T12:56:06","modified_gmt":"2014-01-19T11:56:06","slug":"meister-nietensteeler","status":"publish","type":"page","link":"https:\/\/teehausgeschichten.de\/charaktere\/aus-andergast\/freund-und-feind\/meister-nietensteeler\/","title":{"rendered":"Meister Nietensteeler"},"content":{"rendered":"<h3><a href=\"https:\/\/teehausgeschichten.de\/wp-content\/uploads\/2011\/11\/Cardinal_by_arventur.jpg\"><img loading=\"lazy\" decoding=\"async\" class=\"alignleft size-full wp-image-5049\" style=\"border: 5px solid black;\" alt=\"Nietensteeler\" src=\"https:\/\/teehausgeschichten.de\/wp-content\/uploads\/2011\/11\/Cardinal_by_arventur.jpg\" width=\"320\" height=\"477\" \/><\/a><span style=\"color: #003300;\"><strong><em>Meister Nietensteeler<\/em><\/strong><\/span><\/h3>\n<p><strong><em>Rasse \/ Kultur:<\/em> <\/strong>Mittell\u00e4nder \/ Nostrianer<\/p>\n<p><strong><em>Glaube:<\/em> <\/strong>12 G\u00f6tter Pantheon &#8211; vorwiegend Phex<\/p>\n<p><em><strong>Alter:<\/strong><\/em> Anfang 50<\/p>\n<p style=\"text-align: justify;\"><strong><em>Erscheinungsbild:<\/em><\/strong><em> <\/em>Herr Nietensteeler hat seidig graues Haar, eine glatte und gepflegte Haut und leichte Altersflecken auf den H\u00e4nden. Er tr\u00e4gt meistens eine schlichte, jedoch aus feinsten Stoffen ausgew\u00e4hlte, schwarze Robe mit edlen Kn\u00f6pfen. Meister Nietensteeler umgibt eine Aura der Selbstsicherheit, Autorit\u00e4t und Verschlagenheit. Als Altvater von Nostria kann er sich dies auch leisten, weshalb er auf Arrogant und Eitel wirken kann.<\/p>\n<p><em><strong>Profession:<\/strong><\/em> Altvater der Gr\u00fcnkappen in Nostria<\/p>\n<p>&nbsp;<\/p>\n<p style=\"text-align: justify;\">Die Gruppe ist das erste mal im Rahmen der Befreiungsquest von Vard&#8217;han und Kasimir in Nostria auf den Altvater gesto\u00dfen. Sie hatten sich in den \u00f6rtlichen Tavernen umgeh\u00f6rt und sich auf eine Gruppe Gr\u00fcnkappen gesto\u00dfen, welche die derzeitig st\u00e4rkste Organisation innerhalb der Stadt ist da die Exekutive der Stadt lahmgelegt ist. \u00dcber Umwege gelang es ihnen bis zum Altvater vor zu kommen, der derzeit im Fringlashof, einem traditionellem Ort f\u00fcr gesch\u00e4ftliche Abwicklungen, residiert. Zusammen mit einem Magier und einer anscheinend sehr Phexgef\u00e4lligen Frau namens <em>Andariane<\/em> konnten sie mit ihm ein Gesch\u00e4ft eingehen, dass es den Helden erm\u00f6glichte den Aufenthaltsort der Sklavenh\u00e4ndler herauszufinden.<\/p>\n<p style=\"text-align: justify;\">Was die Helden nicht ahnten, war dass sie von den Gr\u00fcnkappen f\u00fcr ein Ablenkungsm\u00f6ver benutzt wurden. Das ganze diente den Gr\u00fcnkappen jedoch als Vertrauensbeweis, woraufhin sie den Helden anschlie\u00dfend den echten Aufenthaltsort der Sklavenj\u00e4ger mitteilten. Einer sehr blutige Nacht sp\u00e4ter waren die <em>K\u00f6pendaaler<\/em>, die verfeindete Gruppierung der Gr\u00fcnkappen, stark dezimiert und dem Altvater war es nun ein leichtes die nun vakanten Gesch\u00e4fte auf der Hafeninsel zu \u00fcbernehmen &#8211; und alldies ohne dabei seine eigenen M\u00e4nner in Gefahr zu bringen.<\/p>\n<p style=\"text-align: justify;\">Dieser strategische Schachzug sorgte innerhalb der Gruppe zuerst f\u00fcr Unmut gegen\u00fcber den Gr\u00fcnkappen, doch Ludevico gelang es die Wogen zu gl\u00e4tten und da das gemeinsame Ziel, die Gefangenen zu befreien, doch gelang. Ludevico suchte nach Abschluss der Quest das Gespr\u00e4ch mit den Gr\u00fcnkappen und wurde auch erneut zu ihm vorgeladen. Nach einem fruchtendem Gespr\u00e4ch gelang es dem H\u00e4ndler sich in die Register der Organisation einschreiben zu lassen und somit in Zukunft vorz\u00fcge in er Stadt zu genie\u00dfen. Der Altvater hielt es sich jedoch offen Ludevico daf\u00fcr im Gegenzug eines Tages um einen Gefallen zu bitten.<\/p>\n<blockquote>\n<p style=\"text-align: center;\"><em>&#8222;Irgendwann, m\u00f6glicherweise nie, werde ich Euch ebenfalls um einen Gefallen bitten.&#8220;<\/em><\/p>\n<p style=\"text-align: center;\"><em>&#8222;Nun, ungew\u00f6hnliche Zeiten verlangen nach ungew\u00f6hnlichen Ma\u00dfnahmen.&#8220;<\/em><\/p>\n<p style=\"text-align: center;\"><em>&#8222;Schmuggel ist ein so &#8230; unehrliches Gesch\u00e4ft. Bis auf weiteres \u00fcbernehmen wir die Gesch\u00e4fte dort um den Status Quo wiederherzustellen.&#8220;<\/em><\/p>\n<\/blockquote>\n","protected":false},"excerpt":{"rendered":"<p>Meister Nietensteeler Rasse \/ Kultur: Mittell\u00e4nder \/ Nostrianer Glaube: 12 G\u00f6tter Pantheon &#8211; vorwiegend Phex Alter: Anfang 50 Erscheinungsbild: Herr Nietensteeler hat seidig graues Haar, eine glatte und gepflegte Haut und leichte Altersflecken auf den H\u00e4nden. Er tr\u00e4gt meistens eine schlichte, jedoch aus feinsten Stoffen ausgew\u00e4hlte, schwarze Robe mit edlen Kn\u00f6pfen. Meister Nietensteeler umgibt eine &hellip; <\/p>\n<p class=\"link-more\"><a href=\"https:\/\/teehausgeschichten.de\/charaktere\/aus-andergast\/freund-und-feind\/meister-nietensteeler\/\" class=\"more-link\">Mehr <span class=\"screen-reader-text\">\u00fcber &#8222;Meister Nietensteeler&#8220; <\/span>Lesen<\/a><\/p>\n","protected":false},"author":6,"featured_media":0,"parent":193,"menu_order":3,"comment_status":"open","ping_status":"closed","template":"","meta":{"inspiro_hide_title":false,"footnotes":""},"class_list":["post-5054","page","type-page","status-publish","hentry"],"_links":{"self":[{"href":"https:\/\/teehausgeschichten.de\/wp-json\/wp\/v2\/pages\/5054","targetHints":{"allow":["GET"]}}],"collection":[{"href":"https:\/\/teehausgeschichten.de\/wp-json\/wp\/v2\/pages"}],"about":[{"href":"https:\/\/teehausgeschichten.de\/wp-json\/wp\/v2\/types\/page"}],"author":[{"embeddable":true,"href":"https:\/\/teehausgeschichten.de\/wp-json\/wp\/v2\/users\/6"}],"replies":[{"embeddable":true,"href":"https:\/\/teehausgeschichten.de\/wp-json\/wp\/v2\/comments?post=5054"}],"version-history":[{"count":5,"href":"https:\/\/teehausgeschichten.de\/wp-json\/wp\/v2\/pages\/5054\/revisions"}],"predecessor-version":[{"id":5059,"href":"https:\/\/teehausgeschichten.de\/wp-json\/wp\/v2\/pages\/5054\/revisions\/5059"}],"up":[{"embeddable":true,"href":"https:\/\/teehausgeschichten.de\/wp-json\/wp\/v2\/pages\/193"}],"wp:attachment":[{"href":"https:\/\/teehausgeschichten.de\/wp-json\/wp\/v2\/media?parent=5054"}],"curies":[{"name":"wp","href":"https:\/\/api.w.org\/{rel}","templated":true}]}}