{"id":3809,"date":"2013-04-25T18:12:41","date_gmt":"2013-04-25T16:12:41","guid":{"rendered":"http:\/\/teehausgeschichten.de\/?page_id=3809"},"modified":"2013-12-28T11:36:54","modified_gmt":"2013-12-28T10:36:54","slug":"firl-aus-thurana","status":"publish","type":"page","link":"https:\/\/teehausgeschichten.de\/?page_id=3809","title":{"rendered":"Firl aus Thurana"},"content":{"rendered":"<h3><a href=\"https:\/\/teehausgeschichten.de\/wp-content\/uploads\/2011\/11\/aca6d457136a2362.jpg\"><img loading=\"lazy\" decoding=\"async\" class=\"alignleft size-full wp-image-3707\" style=\"border: 4px solid black;\" alt=\"Firl\" src=\"https:\/\/teehausgeschichten.de\/wp-content\/uploads\/2011\/11\/aca6d457136a2362.jpg\" width=\"208\" height=\"260\" srcset=\"https:\/\/teehausgeschichten.de\/wp-content\/uploads\/2011\/11\/aca6d457136a2362.jpg 697w, https:\/\/teehausgeschichten.de\/wp-content\/uploads\/2011\/11\/aca6d457136a2362-240x300.jpg 240w\" sizes=\"auto, (max-width: 208px) 100vw, 208px\" \/><\/a><span style=\"color: #cc99ff;\"><em>Firl aus Thurana<\/em><\/span><\/h3>\n<p><em><strong>Rasse \/ Kultur:<\/strong> <\/em>Mittell\u00e4nder \/ Andergaster<\/p>\n<p><em><strong>Glaube:<\/strong><\/em> 12 G\u00f6tter Pantheon &#8211; vorwiegend Tsa<\/p>\n<p><em><strong>Alter:<\/strong> <\/em>15 G\u00f6tterl\u00e4ufe<\/p>\n<p style=\"text-align: justify;\"><em><strong>Erscheinungsbild:<\/strong><\/em> Firl ist ein schlaksiger Heranwachsender der aufgrund seines letzten Wachstumsschubs noch nicht so ganz wei\u00df wohin mit seinen Armen und Beinen. Dennoch ist er ein aufgeweckter, extrem wissberieriger und flinker Junge. Seine wachen braunen Augen beobachten alles und er braucht nur wenige Versuche um es anschlie\u00dfend selbst erfolgreich nachzumachen. Da er Stumm ist, hat Firl eine sehr ausgepr\u00e4gte und vielsagende Gesichtsmimik entwickelt von der er noch nicht wei\u00df wie viel Potenziel in derlei F\u00e4higkeiten zu stecken verm\u00f6gen.<\/p>\n<p style=\"text-align: justify;\"><em><strong>Profession:<\/strong> <\/em>&#8211; noch keine &#8211;<\/p>\n<h5 style=\"text-align: justify;\"><span style=\"color: #cc99ff;\"><em>Firls Vergangenheit<\/em><\/span><\/h5>\n<p style=\"text-align: justify;\">Firl ist ein Findelkind aus dem Tempel der Eidechse in Thurana\/Andergast. Er wurde am Morgen eines warmen Praiostages auf der Schwelle des Hauses in einem Korb, gewickelt in einfache Leinent\u00fccher, gefunden. Nur ein kleiner Zettel mit dem Namen &#8222;Firl&#8220; war darin zu finden. Die Vertraute der Eidechse und Tempelvorsteherin <span style=\"color: #cc99ff;\"><em>Gerswine Birgelbaum<\/em><\/span> nahm ihn auf und zog den Jungen gro\u00df. Der genaue Geburtstag des Jungen l\u00e4sst sich daher nicht genau festlegen, weshalb kurzerhand der Tag seiner Aufnahme in dem Tempel am 16. Praios zu seinem Geburtstag erkl\u00e4rt wurde. Recht schnell zeigte sich, dass der Junge etwas besonderes ist. Er lernte schnell, sog quasi das Wissen wie ein Schwamm in sich ein &#8211; doch als es zeit wurde f\u00fcr ihn sprechen zu lernen &#8211; drang aus seinem Munde kein einziges Wort. Auf Nachfragen einiger Tempelbesucher hin, antwortete Hochw\u00fcrden Birgelbaum immer nur: <em>&#8222;Die Sch\u00f6pfungen Tsas sind Facettenreich wie ein Prisma &#8211; warum soll es da auch nicht einen Jungen geben der nicht sprechen, aber daf\u00fcr umso besser h\u00f6ren, f\u00fchlen und schmecken kann!&#8220; <\/em>Und dem war auch so. Firl lernte schnell Lesen &amp; Schreiben &#8211; um sich seiner Umwelt verst\u00e4ndlich mitteilen zu k\u00f6nnen. Schon mit sieben G\u00f6tterl\u00e4ufen begann er die B\u00fccherwerke des Tempels zu studieren, und \u00fcbte sich in seiner ersten Fremdsprache: Bosparano. Zudem entwickelte Firl ein hohes Ma\u00df an Empathie, schnell vermochte er seine Gegen\u00fcber einzusch\u00e4tzen &#8211; entlarfte Schwindler oder bemerkte bei Besuchern des Tempels b\u00f6se Absichten.<\/p>\n<p style=\"text-align: justify;\">Die Sommer und Winter vergingen, Firl verrichtete im Tsatempel seinen Dienst. Mit steigendem Alter ging er oft <span style=\"color: #cc99ff;\"><em>Hochw\u00fcrden Birgelbaum<\/em><\/span> bei der Kr\u00e4utersuche im Wald zur Hand. Er lernte dort viel \u00fcber die Natur, die Tiere des Waldes und das man die Sch\u00f6pfungen der Wiederkehrenden G\u00f6ttin zu achten hatte. Mit 13 beherrschte der Junge bereits sechs verschiedene Schriften und verfasste offizielle Schreiben f\u00fcr den Tempel. Er half hier und dort mal den anderen Geweihten des Tempels, \u00fcbte sich in der Aufzucht von Kr\u00e4utern im Gew\u00e4chshaus bei <span style=\"color: #cc99ff;\"><em>Dorota<\/em><\/span>, lernte bei <span style=\"color: #cc99ff;\"><em>Firunz<\/em> <\/span>in der Kinderschule Malen &amp; Zeichnen sowie Basteln und Werken. Firl zeigte sich handwerklich geschickt, eine besondere Vorliebe entwickelte er dabei f\u00fcr das Schnitzen von Holzm\u00e4nnlein und Drudenk\u00f6ppen. Einige seiner St\u00fccke zieren noch Heute die st\u00e4ndig wechselnden Vitrinen des Tsatempels.<\/p>\n<p style=\"text-align: justify;\">Keiner der Geweihten dr\u00e4ngte Firl jedoch je dazu ebenfalls ein Diener der jungen G\u00f6ttin zu werden. Firl interessierte sich zwar f\u00fcr alles, \u00e4u\u00dferte jedoch selbst nie den Wunsch einst selbst ein Geweihter zu werden. Mit gro\u00dfer Vorliebe verschlang der wissberierige Junge jedes Abenteuerbuch das er zu fassen bekam. Drei mal die Woche schlenderte er nach verrichtung seiner Pflichten im Tempel \u00fcber den Markt und lief auf der Suche nach Spenden durch das Edle Gasthaus Morgenr\u00f6te, um nach Wanderern und Abenteurern ausschau zu halten die in der Lage waren ihm Geschichten zu erz\u00e4hlen oder gar Aufzeichnungen besa\u00dfen die er ihnen dann versuchte abzukaufen. Mit der Zeit h\u00e4ufte er sich so einen beachtlichen Fundus an B\u00fcchern an &#8211; die er selbsredend auswendig lernte &#8211; so dass er sie zwar nicht aufsagen konnte, sie jedoch stets in seinem Kopf waren und er sie wieder und wieder erleben konnte wann immer er es wollte.<\/p>\n<h5 style=\"text-align: justify;\"><span style=\"color: #cc99ff;\"><em>Firls Gegenwart<\/em><\/span><\/h5>\n<p style=\"text-align: justify;\">Ende Hesinde 1029, als Firl wieder auf Streifzug durch das Gasthaus Morgenr\u00f6te war, traf er auf die Heldengruppe. Er stolperte mitten in ein wichtiges Gespr\u00e4ch und wurde teil eines spannenden &#8222;Abenteuers&#8220;. Schon allein die Heimlichkeit des ganzen lie\u00dfen Firl neugierig werden. Ob dies die Abenteurer waren von denen er immer getr\u00e4umt hatte? Freie Menschen, die durch das Land streifen um f\u00fcr Ruhm und Gold die Probleme anderer Leute zu l\u00f6sen. Ein Magier aus dem fernen S\u00fcden, ein Gelehrter aus Albernia, ein Krieger aus dem Mittelreich und eine einheimische Sch\u00f6nheit &#8211; sie mussten es sein! F\u00fcr Firl war die Zeit gekommen &#8211; er beschloss ihnen nachzugehen und sie zu beobachten. Dank der Redseeligen Geweihten im Tsatempel gelang es ihm viel \u00fcber die Herrschaften herauszufinden. Als am 1. Firun die Gruppe dann Richtung Praios aufbrach, schlich sich Firl &#8211; nur eine kurze Notiz hinterlassend &#8211; aus dem Tempel um den Helden zu folgen. Seitdem ist er Teil der Heldengruppe, in der Hoffnung Abenteuer wie jene wie er sie nur aus B\u00fcchern kennt, selbst erleben zu k\u00f6nnen.<\/p>\n<p style=\"text-align: justify;\">Der Al&#8217;Anfaner Magier Orestas und und der albernische Hofmaler Bermhoin Ui Niamad haben beschlossen sich den wissbegierigen und abenteuerlustigen Jungen gemeinsam als M\u00fcndel zu nehmen. Bedauerlicherweise sollte diese Vormundschaft jedoch nicht allzu lange andauern. Orestas verstarb nur etwa eine Woche sp\u00e4ter durch einen selbstverschuldeten Unfall in einer alten Ruine. Bermhoin wurde ende Firun &#8211; also keinen ganzen Mond sp\u00e4ter &#8211; in Winhall bei dem Versuch Mara Tannenhaus zu befreien get\u00f6tet.<\/p>\n<p style=\"text-align: justify;\">Ludevico Eichhauer, ein H\u00e4ndler aus Andergast Stadt, nahm sich deshalb des Jungen an, der sich das Abenteuerleben irgendwie anders vorgestellt hatte. Er brachte ihm die Fingersprache Atak bei, damit er nicht l\u00e4nger auf Zettel angewiesen war. Firl, der innerhalb eines Mondes drei Gef\u00e4hrten aus der Gruppe verloren hatte, war seit der Ankunft in Nostria ein anderer Junge als der, der in Thurana aufgebrochen war um das Abenteuerleben kennen zu lernen.<\/p>\n<h5><span style=\"color: #cc99ff;\"><em>Firls Zukunft<\/em><\/span><\/h5>\n<p style=\"text-align: justify;\">Nach einem blutigen Abenteuer in der nostrischen Hauptstadt, bei der Firl mehrerer Gr\u00e4ueltaten, unn\u00f6tiger Tode und verschiedener b\u00f6sartigen Szenen angesichtig wurde, welche dann sogar noch anschlie\u00dfend einfach hingenommen wurden, beschloss der Junge die Gruppe zu verlassen. Die Gruppe kroch gerade aus den Kanalisation, wo sie mehrere Handlanger des Sklavenh\u00e4ndlers Lupinez get\u00f6tet hatten, als es darum ging wer nun zum Borontempel geht um dort Bescheid zu geben. Firl erhob die Hand und erkl\u00e4rte sich bereit. Auf Nachfragen der Gruppe hin, machte er deutlich, dass er nicht mehr zu seinen Gef\u00e4hrten zur\u00fcckkehren m\u00f6chte. Zu viele schlimme Dinge hatte er gesehen, Dinge die der Junge nur noch vergessen wollte &#8211; er hatte sich das Abenteuerleben gewiss anders vorgestellt. Ganz besonders seitdem dieser blutr\u00fcnstige Nordmann und der gnadenlose Halbelf in der Gruppe waren, ging f\u00fcr ihn das Herz der Gruppe verloren. Er verabschiedene sich recht innig von Ludevico, der ihn ans Herz gewachsen war und nat\u00fcrlich auch von Rondrigo &#8211; dem tapferen Streiter der in Firls Augen auch nicht mehr so Rondrgef\u00e4llig war wie er ihn einst kennengelernt hatte. Ein letztes mal Blickte er zur\u00fcck und verschwand dann in der Dunkelheit der Nacht in den Stra\u00dfen von Nostria. Er hatte seine kindlische Unschuld verloren, und das letzte bisschen Herzlichkeit welches in der Gruppe verblieben war, ging mit ihm.<\/p>\n<p style=\"text-align: justify;\">Wie es Firl ergeht und ob er im Borontempel zu Nostria bleibt, ist ungewiss. Vielleicht werden sich die Wege der Helden eines Tages erneut mit dem jungen Diener kreuzen.<\/p>\n<blockquote>\n<p style=\"text-align: center;\"><em>Als Notiz auf einem Zettel: \u201cIch kann zwar nicht Sprechen, daf\u00fcr umso besser h\u00f6ren!\u201d<\/em><\/p>\n<\/blockquote>\n","protected":false},"excerpt":{"rendered":"<p>Firl aus Thurana Rasse \/ Kultur: Mittell\u00e4nder \/ Andergaster Glaube: 12 G\u00f6tter Pantheon &#8211; vorwiegend Tsa Alter: 15 G\u00f6tterl\u00e4ufe Erscheinungsbild: Firl ist ein schlaksiger Heranwachsender der aufgrund seines letzten Wachstumsschubs noch nicht so ganz wei\u00df wohin mit seinen Armen und Beinen. Dennoch ist er ein aufgeweckter, extrem wissberieriger und flinker Junge. Seine wachen braunen Augen [&hellip;]<\/p>\n","protected":false},"author":6,"featured_media":0,"parent":193,"menu_order":2,"comment_status":"open","ping_status":"closed","template":"","meta":{"footnotes":""},"class_list":["post-3809","page","type-page","status-publish","hentry"],"_links":{"self":[{"href":"https:\/\/teehausgeschichten.de\/index.php?rest_route=\/wp\/v2\/pages\/3809","targetHints":{"allow":["GET"]}}],"collection":[{"href":"https:\/\/teehausgeschichten.de\/index.php?rest_route=\/wp\/v2\/pages"}],"about":[{"href":"https:\/\/teehausgeschichten.de\/index.php?rest_route=\/wp\/v2\/types\/page"}],"author":[{"embeddable":true,"href":"https:\/\/teehausgeschichten.de\/index.php?rest_route=\/wp\/v2\/users\/6"}],"replies":[{"embeddable":true,"href":"https:\/\/teehausgeschichten.de\/index.php?rest_route=%2Fwp%2Fv2%2Fcomments&post=3809"}],"version-history":[{"count":9,"href":"https:\/\/teehausgeschichten.de\/index.php?rest_route=\/wp\/v2\/pages\/3809\/revisions"}],"predecessor-version":[{"id":5007,"href":"https:\/\/teehausgeschichten.de\/index.php?rest_route=\/wp\/v2\/pages\/3809\/revisions\/5007"}],"up":[{"embeddable":true,"href":"https:\/\/teehausgeschichten.de\/index.php?rest_route=\/wp\/v2\/pages\/193"}],"wp:attachment":[{"href":"https:\/\/teehausgeschichten.de\/index.php?rest_route=%2Fwp%2Fv2%2Fmedia&parent=3809"}],"curies":[{"name":"wp","href":"https:\/\/api.w.org\/{rel}","templated":true}]}}