{"id":2314,"date":"2012-09-25T21:43:30","date_gmt":"2012-09-25T19:43:30","guid":{"rendered":"http:\/\/teehausgeschichten.de\/?page_id=2314"},"modified":"2014-06-20T19:27:58","modified_gmt":"2014-06-20T17:27:58","slug":"dom-rondrigo-amirato-von-steitzig-a-h","status":"publish","type":"page","link":"https:\/\/teehausgeschichten.de\/charaktere\/aus-andergast\/dom-rondrigo-amirato-von-steitzig-a-h\/","title":{"rendered":"Rondrigo A. von Steitzig \u00e4.H."},"content":{"rendered":"<h3 style=\"text-align: center;\">Dom Rondrigo Amirato von Steitzig \u00e4.H.<\/h3>\n<h5 style=\"text-align: center;\">Schwertgeselle aus der Schule Adersins<\/h5>\n<h3><a href=\"https:\/\/teehausgeschichten.de\/wp-content\/uploads\/2012\/09\/Aramissketchdarkcolor.jpg\" target=\"_blank\"><img loading=\"lazy\" decoding=\"async\" class=\" wp-image-2328 alignleft\" style=\"margin-left: 25px; margin-right: 25px; border: 2px solid grey;\" title=\"Aramissketchdarkcolor\" src=\"https:\/\/teehausgeschichten.de\/wp-content\/uploads\/2012\/09\/Aramissketchdarkcolor.jpg\" alt=\"\" width=\"292\" height=\"468\" \/><\/a><\/h3>\n<h3>Lebensgeschichte<\/h3>\n<p>Geboren als Sohn von Alonso von Streitzig \u00e4.H. und Concabella von Punin wuchs er als Angeh\u00f6riger eines Zweiges einer gro\u00dfen Grafenfamilie, sein Vater selbst aber nur Junker, wuchs er im Punininer Stadtpalast derer von Streitzig \u00e4.H. auf. Als Almadaner, lernte er von Kindes Tagen auf, dass der eigene Stand,\u00a0 die Reputation der Familia und eine unbefleckte Ehre von gr\u00f6\u00dftm\u00f6glicher Wichtigkeit sind,\u00a0 um vor anderen Almadanis \u00a0\u00fcberhaupt als &#8222;umgangsw\u00fcrdig&#8220; zu gelten. In seiner Kindheit spielte er oft mit seiner \u00e4lteren Schwester Hesindia von Streitzig \u00e4.H., die heute Schrifstellerin ist im Palastgarten. Im Jugendalter ritt er auch manches mal mit den anderen Halbstarken zu Jagden aus, zeigte aber kein wirkliches Talent daf\u00fcr. Lieber spa\u00dfte er mit den Jungen Hofdamen und besuchte zu Pferd die nahen Winzereien.<\/p>\n<p>Mit 14 Jahren wurde er nach Gareth geschickt um in der einstigen Hauptstadt einer Seits Bande mit dem j\u00fcngeren Haus derer von Streitzig zu kn\u00fcpfen und zum Schwergesllen nach Adersin ausgebildet zu werden. Nach dem Angriff und dem Absturz Galottas fliegender Feste kehrte er jedoch zur\u00fcck nach Punin.\u00a0 Im letzten Jahr dann erdreistete sich ein Spross derer von Rebenthal sich dazu Hesindia aufs schlimmste zu Beschimpfen, nachdem sie seine Offerten freilich abgewiesen hatte, geh\u00f6rte er doch zu einer Familie mit der die von Streitzigs \u00e4.H. in blutfeinschaft sind. Als Rondrigo Ramiro zum Duell forderte, floh dieser erst efferdw\u00e4rts nach Grangor, dann mit dem Schiff gen Firun nach Salza und wurde schlie\u00dflich kurz vor Joborn gestellt und unterlag im Duell aufs dritte Blut.<\/p>\n<p>Schwer angeschlagen schaffte er es auf dem Pferd noch bis nach Joborn, wo er von einer fremden Sch\u00f6nheit gesund gepflegt wurde&#8230;<\/p>\n<h3>Wesensz\u00fcge<\/h3>\n<ul>\n<li>Stolz<\/li>\n<li>Ehrvoll<\/li>\n<li>Genie\u00dfer<\/li>\n<li>Herz auf der Zunge<\/li>\n<li>Kavallier<\/li>\n<li>Befehlsgewohnt<\/li>\n<li>Rachs\u00fcchtig<\/li>\n<li>Pflichtbewusst<\/li>\n<li>Loyal<\/li>\n<li>Wildnisuntauglich<\/li>\n<\/ul>\n<h3>Zwischencharakterliche Beziehungen<\/h3>\n<h6>1: Hass, 5: Gleichg\u00fcltig, 9: Liebe<\/h6>\n<ol>\n<li><\/li>\n<li>Hadrass<\/li>\n<li><\/li>\n<li>Bj\u00f6rn<\/li>\n<li><\/li>\n<li>Karan, Ragnar, Wendeline, Arkenon<\/li>\n<li>Aimos<\/li>\n<li>Ludevico<\/li>\n<li><\/li>\n<\/ol>\n<h3>Ausr\u00fcstung<\/h3>\n<p>Rondrigo f\u00fchrt einen Anderthalbh\u00e4nder und tr\u00e4gt eine leichte Platte (jedoch noch keine unten zu sehenden Panzerarme, etc.), wie er es in Adersins Schule gelehrt wurde. Au\u00dferdem f\u00fchrt er noch einen Dolch mit sich, wie es \u00fcblich ist.<\/p>\n<h3><a href=\"https:\/\/teehausgeschichten.de\/wp-content\/uploads\/2012\/09\/ausruestung.png\"><img loading=\"lazy\" decoding=\"async\" class=\"size-full wp-image-3230 aligncenter\" src=\"https:\/\/teehausgeschichten.de\/wp-content\/uploads\/2012\/09\/ausruestung.png\" alt=\"ausruestung\" width=\"685\" height=\"336\" srcset=\"https:\/\/teehausgeschichten.de\/wp-content\/uploads\/2012\/09\/ausruestung.png 685w, https:\/\/teehausgeschichten.de\/wp-content\/uploads\/2012\/09\/ausruestung-300x147.png 300w\" sizes=\"auto, (max-width: 685px) 100vw, 685px\" \/><\/a><\/h3>\n<h3><\/h3>\n<p style=\"text-align: right;\"><a href=\"http:\/\/www.fuldigors-hoehle.de\/index.php?show=lhf_main\">Quelle<\/a><\/p>\n<h3>Familienchroniken<a href=\"https:\/\/teehausgeschichten.de\/wp-content\/uploads\/2012\/09\/Wappen.png\" target=\"_blank\"><img loading=\"lazy\" decoding=\"async\" class=\"alignright\" title=\"Wappen\" src=\"https:\/\/teehausgeschichten.de\/wp-content\/uploads\/2012\/09\/Wappen.png\" alt=\"\" width=\"233\" height=\"312\" \/><\/a><\/h3>\n<p><strong><a href=\"https:\/\/teehausgeschichten.de\/wp-content\/uploads\/2012\/09\/Tafel-Werion-von-Streitzig.pdf\">Familientafel derer von Streitzig \u00e4.H.<\/a><\/strong><\/p>\n<p>Warnung! Dies ist ein sehr komplexes Gebilde. Gr\u00f6\u00dftenteils sind die Daten gesichert. Die Linie \u00fcber Raul von Streitzig \u00e4.H. und die Linie von Moribert von Streitzig \u00e4.H. sind nach eigenem Ermessen mit vorhandenen, nicht eingeordneten Charakteren und neu erschaffenen erstellt worden. Rondrigo befindet sich in der dritten Zeile von unten ganz links!<\/p>\n<p>Einige Steiten f\u00fcr eigene Recherchen zur Familiengeschichte:<\/p>\n<ul>\n<li><strong><a href=\"http:\/\/www.wiki-aventurica.de\/wiki\/Haus_Streitzig\">Wiki Aventurica<\/a><\/strong><\/li>\n<li><strong><a href=\"http:\/\/www.garetien.de\/index.php?title=Garetien:Haus_Streitzig\">Garetien.de<\/a><\/strong><\/li>\n<li><strong><a href=\"http:\/\/www.punin.de\/index.php\/Streitzig\">Punin.de<\/a><\/strong><\/li>\n<li><strong><a href=\"http:\/\/www.koenigreichalmada.de\/\">Almada.de<\/a><\/strong><\/li>\n<\/ul>\n<p>&nbsp;<\/p>\n","protected":false},"excerpt":{"rendered":"<p>Dom Rondrigo Amirato von Steitzig \u00e4.H. Schwertgeselle aus der Schule Adersins Lebensgeschichte Geboren als Sohn von Alonso von Streitzig \u00e4.H. und Concabella von Punin wuchs er als Angeh\u00f6riger eines Zweiges einer gro\u00dfen Grafenfamilie, sein Vater selbst aber nur Junker, wuchs er im Punininer Stadtpalast derer von Streitzig \u00e4.H. auf. Als Almadaner, lernte er von Kindes &hellip; <\/p>\n<p class=\"link-more\"><a href=\"https:\/\/teehausgeschichten.de\/charaktere\/aus-andergast\/dom-rondrigo-amirato-von-steitzig-a-h\/\" class=\"more-link\">Mehr <span class=\"screen-reader-text\">\u00fcber &#8222;Rondrigo A. von Steitzig \u00e4.H.&#8220; <\/span>Lesen<\/a><\/p>\n","protected":false},"author":7,"featured_media":0,"parent":189,"menu_order":0,"comment_status":"open","ping_status":"closed","template":"","meta":{"inspiro_hide_title":false,"footnotes":""},"class_list":["post-2314","page","type-page","status-publish","hentry"],"_links":{"self":[{"href":"https:\/\/teehausgeschichten.de\/wp-json\/wp\/v2\/pages\/2314","targetHints":{"allow":["GET"]}}],"collection":[{"href":"https:\/\/teehausgeschichten.de\/wp-json\/wp\/v2\/pages"}],"about":[{"href":"https:\/\/teehausgeschichten.de\/wp-json\/wp\/v2\/types\/page"}],"author":[{"embeddable":true,"href":"https:\/\/teehausgeschichten.de\/wp-json\/wp\/v2\/users\/7"}],"replies":[{"embeddable":true,"href":"https:\/\/teehausgeschichten.de\/wp-json\/wp\/v2\/comments?post=2314"}],"version-history":[{"count":48,"href":"https:\/\/teehausgeschichten.de\/wp-json\/wp\/v2\/pages\/2314\/revisions"}],"predecessor-version":[{"id":5531,"href":"https:\/\/teehausgeschichten.de\/wp-json\/wp\/v2\/pages\/2314\/revisions\/5531"}],"up":[{"embeddable":true,"href":"https:\/\/teehausgeschichten.de\/wp-json\/wp\/v2\/pages\/189"}],"wp:attachment":[{"href":"https:\/\/teehausgeschichten.de\/wp-json\/wp\/v2\/media?parent=2314"}],"curies":[{"name":"wp","href":"https:\/\/api.w.org\/{rel}","templated":true}]}}