{"id":193,"date":"2011-11-20T13:59:44","date_gmt":"2011-11-20T12:59:44","guid":{"rendered":"http:\/\/teehausgeschichten.de\/?page_id=193"},"modified":"2014-11-01T12:00:12","modified_gmt":"2014-11-01T11:00:12","slug":"freund-und-feind","status":"publish","type":"page","link":"https:\/\/teehausgeschichten.de\/?page_id=193","title":{"rendered":"Antagonisten und Verb\u00fcndete"},"content":{"rendered":"<h3 style=\"text-align: center;\" align=\"center\"><span style=\"color: #333399;\"><strong><em><a href=\"https:\/\/teehausgeschichten.de\/wp-content\/uploads\/2011\/11\/Verb\u00fcndete-Antagonisten.png\"><img loading=\"lazy\" decoding=\"async\" class=\"aligncenter size-full wp-image-3710\" src=\"https:\/\/teehausgeschichten.de\/wp-content\/uploads\/2011\/11\/Verb\u00fcndete-Antagonisten.png\" alt=\"Verb\u00fcndete &amp; Antagonisten\" width=\"585\" height=\"54\" srcset=\"https:\/\/teehausgeschichten.de\/wp-content\/uploads\/2011\/11\/Verb\u00fcndete-Antagonisten.png 523w, https:\/\/teehausgeschichten.de\/wp-content\/uploads\/2011\/11\/Verb\u00fcndete-Antagonisten-300x28.png 300w\" sizes=\"auto, (max-width: 585px) 100vw, 585px\" \/><\/a><\/em><\/strong><\/span><\/h3>\n<p>&nbsp;<\/p>\n<h5><a href=\"https:\/\/teehausgeschichten.de\/wp-content\/uploads\/2014\/10\/Vigo-Eichenherz.jpg\"><img loading=\"lazy\" decoding=\"async\" class=\"alignleft wp-image-5815\" style=\"border: 2px solid #808080;\" src=\"https:\/\/teehausgeschichten.de\/wp-content\/uploads\/2014\/10\/Vigo-Eichenherz.jpg\" alt=\"Vigo Eichenherz\" width=\"128\" height=\"320\" srcset=\"https:\/\/teehausgeschichten.de\/wp-content\/uploads\/2014\/10\/Vigo-Eichenherz.jpg 315w, https:\/\/teehausgeschichten.de\/wp-content\/uploads\/2014\/10\/Vigo-Eichenherz-120x300.jpg 120w\" sizes=\"auto, (max-width: 128px) 100vw, 128px\" \/><\/a><em><a href=\"https:\/\/teehausgeschichten.de\/?page_id=5814\">Vigo Eichenherz<\/a><\/em><\/h5>\n<p><em><strong>Hochstapler und Abenteuer aus Teshkal\u00a0 |\u00a0 Status: <span style=\"color: #ff0000;\">Verstorben<\/span><\/strong><\/em><\/p>\n<p>Anfang Phex 1029 lernte Vigo die Helden im <em>Weiler Eschenbruch<\/em> in der <em>Freiherrschaft Beilstatt<\/em> kennen. Zu dieser Zeit war er noch bei <em>Meister Borkmeister<\/em>, einem Alchemisten der Roten Salamander anstellig. Doch sein Noviziat beim Orden war nur ein Deckmantel, welches ihm erm\u00f6glichte unbemerkt bis an die nostrische Grenze zu kommen da er in Teshkal gesucht wurde. Als sich Eschenbruch als eine Sackgasse herausstellte, schlo\u00df er sich mittels eines phexschen Handels der Heldengruppe an und und l\u00f6ste seinen Kontrakt mit dem Alchemisten auf. Seither reist Vigo zusammen mit dem Helden durch die andergassische Wildnis auf der Suche nach der Quelle der Heilung.<\/p>\n<blockquote>\n<p style=\"text-align: center;\"><em>&#8222;Stets die Wahrheit zu sprechen ist nur ein schlechte Ausrede f\u00fcr einen Mangel an Phantasie&#8220;<\/em><\/p>\n<p style=\"text-align: center;\"><em>&#8222;Nat\u00fcrlich werde ich gesucht, ein Mann mit meinen Qualit\u00e4ten hat jederorts eine Dirne die sich an eine Nacht mit ihm zur\u00fccksehnt.&#8220;<\/em><\/p>\n<p style=\"text-align: center;\"><em>&#8222;Das riecht nach Abenteuer!&#8220;<\/em><\/p>\n<\/blockquote>\n<p>&nbsp;<\/p>\n<p>&nbsp;<\/p>\n<h5><a href=\"https:\/\/teehausgeschichten.de\/wp-content\/uploads\/2012\/08\/d2b79e2432740352698d1998698a640e-d5pcixw.jpg\"><img loading=\"lazy\" decoding=\"async\" class=\"alignleft  wp-image-3703\" style=\"border: 2px solid grey;\" src=\"https:\/\/teehausgeschichten.de\/wp-content\/uploads\/2012\/08\/d2b79e2432740352698d1998698a640e-d5pcixw.jpg\" alt=\"Aimos\" width=\"130\" height=\"200\" srcset=\"https:\/\/teehausgeschichten.de\/wp-content\/uploads\/2012\/08\/d2b79e2432740352698d1998698a640e-d5pcixw.jpg 400w, https:\/\/teehausgeschichten.de\/wp-content\/uploads\/2012\/08\/d2b79e2432740352698d1998698a640e-d5pcixw-194x300.jpg 194w\" sizes=\"auto, (max-width: 130px) 100vw, 130px\" \/><\/a><em><a href=\"https:\/\/teehausgeschichten.de\/?page_id=2098\">Aimos aus Hammerfall<\/a><\/em><\/h5>\n<p><strong><em>S\u00f6ldner und Anh\u00e4nger Kors\u00a0 | Status: <span style=\"color: #ff9900;\">Verb\u00fcndeter &#8211; Unbekannt<\/span><br \/>\n<\/em><\/strong><\/p>\n<p style=\"text-align: justify;\">Aimos ist ein S\u00f6ldner aus dem K\u00f6nigreich Andergast. Am 01. Hesinde 1029, in dem Gasthaus \u201cKapit\u00e4n Holzbeins Kaj\u00fcte\u201d, traf er das erste mal auf die alten Helden, er war gerade dabei sich mit einem Einheimischen in der Kunst des Axtwerfens zu \u00fcben. Fast die gesamte Gruppe verlor sich jedoch in Thurana, nur Vard\u2019han, der von Herrn von Ochsenbrecht vom Schafott herunter gekauft wurde, blieb dabei. Zusammen mit dem bornischen Bogensch\u00fctzen Stanislaus W. Ouvensen und Vard\u2019han, zog er dann als Leibw\u00e4chter aus nach Anderwald. Unterwegs gab es jedoch einige Strapazen, weshalb die Gruppe gezwungen war in den Thuransforst zugehen. Nach einigen Tagen in der dortigen Wildnis, begegnete Aimos dann der neuen Gruppe.<\/p>\n<p style=\"text-align: justify;\">In der Nacht des 29. Hesinde begegnete Aimos erneut den Helden \u2013 und zwar in einem muffigem Kellergew\u00f6lbe in Thurana. Der Grund daf\u00fcr war, dass Vard\u2019han in Thurana von Sklavenj\u00e4gern entf\u00fchrt wurde, und da Aimos sich Vard\u2019han verpflichtet f\u00fchlte blieb er in Thurana, um nach ihm zu suchen. am 29. Hesinde gelang es Aimos einen der Entf\u00fchrer endlich aufzusp\u00fcren und zur Strecke zu bringen \u2013 doch leider war der boronische Streiter bereits von seinen Entf\u00fchren aus der Stadt geschafft worden. Aimos beschloss daraufhin sich den Helden anzuschlie\u00dfen, da diese immerhin ebenfalls nach Vard\u2019han suchten, auch wenn die einzige Spur nur ein Notizzettel mit einem vagen Hinweis nach Nostria war.<\/p>\n<blockquote>\n<p style=\"text-align: center;\"><em>\u201cKor, schenk uns Kraft f\u00fcr den Sieg und viel Beute beim Pl\u00fcndern!\u201d<\/em><\/p>\n<p style=\"text-align: center;\"><em>\u201cBei heiligen Sokramor, m\u00f6ge das Blut, das ich in deinen Namen vergie\u00dfe, gestillt werden.\u201d<\/em><\/p>\n<p style=\"text-align: center;\"><em>\u201cWer sich f\u00fcrchtet, Siegt nicht.\u201d<\/em><\/p>\n<\/blockquote>\n<h5><a href=\"https:\/\/teehausgeschichten.de\/wp-content\/uploads\/2011\/11\/aca6d457136a2362.jpg\"><img loading=\"lazy\" decoding=\"async\" class=\"alignleft  wp-image-3707\" style=\"border: 2px solid grey;\" src=\"https:\/\/teehausgeschichten.de\/wp-content\/uploads\/2011\/11\/aca6d457136a2362.jpg\" alt=\"aca6d457136a2362\" width=\"141\" height=\"176\" srcset=\"https:\/\/teehausgeschichten.de\/wp-content\/uploads\/2011\/11\/aca6d457136a2362.jpg 697w, https:\/\/teehausgeschichten.de\/wp-content\/uploads\/2011\/11\/aca6d457136a2362-240x300.jpg 240w\" sizes=\"auto, (max-width: 141px) 100vw, 141px\" \/><\/a><a href=\"https:\/\/teehausgeschichten.de\/?page_id=3809\"><em>Firl aus Thurana<\/em><\/a><\/h5>\n<p><strong><em>Findelkind und ehem. Tempeldiener im Tsatempel in Thurana\u00a0 |\u00a0 Status: <span style=\"color: #008000;\">Verb\u00fcndeter<\/span><br \/>\n<\/em><\/strong><\/p>\n<p style=\"text-align: justify;\">Firl ist ein 15-j\u00e4hriger Knabe aus Thurana. Das erste Mal in Kontakt mit den Helden kam Firl in dem tsagef\u00e4lligen Gasthaus &#8222;Morgenr\u00f6te&#8220; in Thurana. Da Firl ein Waiserknabe des hiesigen Tsatempels ist, war er in dem Gasthaus auf Almosensuche und klopfte an die T\u00fcr der Helden, und das genau dann, als diese sich gemeinsam \u00fcber ein Problem besprochen hatten. Firl wurde daraufhin, da er stumm ist und nicht antworten konnte, r\u00fcde in den Raum hinein gezerrt und war f\u00fcr einen kurzen Moment Zentrum der Gruppe. Anschlie\u00dfend ging Firl mit den Helden in den Tsatempel, da diese dort nach Beistand suchen wollten.<\/p>\n<p style=\"text-align: justify;\">Einige Tage sp\u00e4ter, als die Reisegruppe beschloss aus Thurana abzureisen, verfolgte der junge Firl selbige. Immerhin machten die Herrschaften den Eindruck einer waschechten &#8222;Heldengruppe&#8220; wie Firl sie bisher nur aus B\u00fcchern kennt. Firl verfolgte die Gruppe, wurde jedoch unterwegs entdeckt und nach einer Debatte dar\u00fcber ob der Junge nun mitreisen darf oder nicht wurde unter Protest des Kriegers entscheiden ihn als M\u00fcndel von Bermhoin und Orestas mitzunehmen.<\/p>\n<p style=\"text-align: justify;\">Firl ist zwar im Tsatempel gro\u00df geworden und dient seit er denken kann dort der Vertrauten der Eidechse Birgelbaum &#8211; doch eigentlich zieht ihn die Lust nach Abenteuer hinaus in das Land, ein Wunsch den er jedoch nicht formulieren kann.<\/p>\n<blockquote>\n<p style=\"text-align: center;\"><em>Als Notiz auf einem Zettel: &#8222;Ich kann zwar nicht Sprechen, daf\u00fcr umso besser h\u00f6ren!&#8220;<\/em><\/p>\n<\/blockquote>\n<p>&nbsp;<\/p>\n<h5><a href=\"https:\/\/teehausgeschichten.de\/?page_id=2872\"><em>Stanislaus Wulf Ouvensen<\/em><\/a><a href=\"https:\/\/teehausgeschichten.de\/wp-content\/uploads\/2012\/12\/515.jpg\"><img loading=\"lazy\" decoding=\"async\" class=\"size-full wp-image-2873 alignleft\" style=\"border: 2px solid grey;\" src=\"https:\/\/teehausgeschichten.de\/wp-content\/uploads\/2012\/12\/515.jpg\" alt=\"Stanislaus\" width=\"148\" height=\"200\" srcset=\"https:\/\/teehausgeschichten.de\/wp-content\/uploads\/2012\/12\/515.jpg 296w, https:\/\/teehausgeschichten.de\/wp-content\/uploads\/2012\/12\/515-222x300.jpg 222w\" sizes=\"auto, (max-width: 148px) 100vw, 148px\" \/><\/a><\/h5>\n<p><strong><em>Bogensch\u00fctze und ehem. H\u00e4ndler aus Festum\u00a0 |\u00a0 Status: <span style=\"color: #008000;\">Verb\u00fcndeter<\/span><\/em><\/strong><\/p>\n<p style=\"text-align: justify;\">Am 11. Hesinde 1029 BF traf Stanislaus das erste mal auf die Heldengruppe, er war Teil einer kleinen pers\u00f6nliche \u201cLeibgarde\u201d f\u00fcr einen H\u00e4ndler aus Andergast. Der Korgef\u00e4llige Krieger Aimos und der ruhige K\u00e4mpfer Vard\u2019han waren ebenfalls noch in seiner Begleitung. Sie hatten sich \u00fcber mehrere Tage im Thuransforst verirrt und gerade einem Rotpelzangriff ausgesetzt als die Helden dazustie\u00dfen und ihnen halfen sich derer zu erwehren. Stanislaus freundete sich ein wenig mit Bermhoin an, doch zu mehr Kontakt kam es nicht.<\/p>\n<p style=\"text-align: justify;\">Einen weiteren Kontakt gab es bisher nicht, Stanislaus befindet sich derzeit vermutlich auf den Weg nach Andergast. Ob es irgendwann ein Wiedersehen gibt ist derzeit noch unbekannt.<\/p>\n<blockquote>\n<p style=\"text-align: center;\"><em>\u201cHm, das scheint gut zu funktionieren \u2013 lasst uns mal etwas anderes ausprobieren!\u201d<\/em><\/p>\n<p style=\"text-align: center;\"><em>\u201cDas Leben, egal welcher Art, ist Wertvoll und sollte beh\u00fctet werden \u2013 meine Pfeile treffen zwar t\u00f6dlich, doch jedes mal schmerzt es mich dies tun zu m\u00fcssen und ich denke mir: \u2018M\u00f6ge dich die Erneuernde G\u00f6ttin in deinem n\u00e4chsten Leben segnen\u2019\u201d<\/em><\/p>\n<p style=\"text-align: center;\"><em>\u201cEin Haus ohne Kinder ist ein Haus ohne Leben.\u201d<\/em><\/p>\n<\/blockquote>\n<h4 style=\"text-align: center;\"><\/h4>\n<h5><a href=\"https:\/\/teehausgeschichten.de\/wp-content\/uploads\/2011\/11\/Cardinal_by_arventur.jpg\"><img loading=\"lazy\" decoding=\"async\" class=\"alignleft size-full wp-image-5049\" style=\"border: 2px solid grey;\" src=\"https:\/\/teehausgeschichten.de\/wp-content\/uploads\/2011\/11\/Cardinal_by_arventur.jpg\" alt=\"Nietensteeler\" width=\"150\" height=\"225\" srcset=\"https:\/\/teehausgeschichten.de\/wp-content\/uploads\/2011\/11\/Cardinal_by_arventur.jpg 700w, https:\/\/teehausgeschichten.de\/wp-content\/uploads\/2011\/11\/Cardinal_by_arventur-200x300.jpg 200w, https:\/\/teehausgeschichten.de\/wp-content\/uploads\/2011\/11\/Cardinal_by_arventur-682x1024.jpg 682w\" sizes=\"auto, (max-width: 150px) 100vw, 150px\" \/><\/a><a href=\"https:\/\/teehausgeschichten.de\/?page_id=5054\"><em>Meister Nietensteeler<\/em><\/a><\/h5>\n<p><strong><em>Altvater der Gr\u00fcnkappen in Nostria\u00a0 |\u00a0 Status: <span style=\"color: #008000;\">Verb\u00fcndeter<\/span><\/em><\/strong><\/p>\n<p style=\"text-align: justify;\">Der ergraute Mann mit den wachen Augen ist der Altvater der Gr\u00fcnkappen, einer Organisation aus &#8211; so nennen Sie es selbst &#8211; rechtschaffenden B\u00fcrgern der Stadt Nostria. Die Helden sind das erste Mal auf ihn gesto\u00dfen als sie in Nostria dabei waren zwei Freunde\/Bekannte aus den F\u00e4ngen von Sklavenh\u00e4ndlern zu befreien. Ob Nietensteeler der wirkliche Name des Altvaters ist, ist unbekannt, sicher ist jedenfalls das er mit Hilfe der Helden nun zu mehr Macht in der Stadt gekommen ist da die befeindete Gruppierung, die K\u00f6pendaaler, stark dezimiert wurden.<\/p>\n<p style=\"text-align: justify;\">Ludevico, der H\u00e4ndler der Gruppe, hat sich in die Register der Gruppierung einschreiben lassen und geh\u00f6rt somit nun offiziell zu ihnen. Meister Nietensteeler hat es sich offen gelassen irgendwann mal, m\u00f6glicherweise nie, einen Gefallen von ihm zu verlangen.<\/p>\n<blockquote>\n<p style=\"text-align: center;\"><em>&#8222;Irgendwann, m\u00f6glicherweise nie, werde ich Euch ebenfalls um einen Gefallen bitten.&#8220;<\/em><\/p>\n<p style=\"text-align: center;\"><em>&#8222;Nun, ungew\u00f6hnliche Zeiten verlangen nach ungew\u00f6hnlichen Ma\u00dfnahmen.&#8220;<\/em><\/p>\n<p style=\"text-align: center;\"><em>&#8222;Schmuggel ist ein so &#8230; unehrliches Gesch\u00e4ft. Bis auf weiteres \u00fcbernehmen wir die Gesch\u00e4fte dort um den Status Quo wiederherzustellen.&#8220;<\/em><\/p>\n<\/blockquote>\n<p>&nbsp;<\/p>\n<h4 style=\"text-align: center;\">ALTE NSC&#8217;s<\/h4>\n<p>&nbsp;<\/p>\n<p>&nbsp;<\/p>\n<h5><strong><em><a href=\"https:\/\/teehausgeschichten.de\/wp-content\/uploads\/2012\/03\/Kr\u00fcckin.gif\"><img loading=\"lazy\" decoding=\"async\" class=\"alignleft  wp-image-1019\" style=\"border: 2px solid grey;\" title=\"Kr\u00fcckin\" src=\"https:\/\/teehausgeschichten.de\/wp-content\/uploads\/2012\/03\/Kr\u00fcckin.gif\" alt=\"\" width=\"120\" height=\"140\" \/><\/a><\/em><\/strong><\/h5>\n<h5><strong><em><a href=\"https:\/\/teehausgeschichten.de\/?page_id=1018\">Lichtverehrerin (Venerator Lumini) Triumfina Kr\u00fcckin<\/a><\/em><\/strong><\/h5>\n<p>Akoluthin im Praios-Tempel zu Andergast<\/p>\n<p>Kontaktperson vom <span style=\"color: #000000;\">der<\/span><span style=\"color: #ff0000;\"> <strong><em>Knappin Harika L.F. von Lilienwacht zu Greifenfurt<\/em><\/strong><\/span><\/p>\n<blockquote>\n<p align=\"center\"><em>&#8222;Was geschehen ist fragt Ihr? Beim Himmlischen Richter &#8211; m\u00f6ge dieser elendige vom Bannstrahl unseren Herrn verbrannt werden, sage ich!&#8220;<\/em><\/p>\n<p align=\"center\"><em>&#8222;Oh m\u00f6ge der glei\u00dfende mir meine Gedanken erleuchten!&#8220;<\/em><\/p>\n<\/blockquote>\n<p><strong><em>\u00a0<\/em><\/strong><\/p>\n<h5><\/h5>\n<h5><strong><em><a href=\"https:\/\/teehausgeschichten.de\/wp-content\/uploads\/2012\/03\/Borkmeister.jpg\"><img loading=\"lazy\" decoding=\"async\" class=\"alignleft  wp-image-1035\" style=\"border: 2px solid grey;\" title=\"Borkmeister\" src=\"https:\/\/teehausgeschichten.de\/wp-content\/uploads\/2012\/03\/Borkmeister-229x300.jpg\" alt=\"\" width=\"120\" height=\"140\" \/><\/a> <\/em><\/strong><\/h5>\n<h5><strong><em><a href=\"https:\/\/teehausgeschichten.de\/?page_id=1034\">Alchemist Jagoslaus Borkmeister<\/a><\/em><\/strong><\/h5>\n<p>Alchemist im Bund Roten Salamander zu Andergast<\/p>\n<p>Kontaktperson vom<span style=\"color: #008000;\"> <strong><em>J\u00e4ger Dranodan Fi<\/em><\/strong><\/span><span style=\"color: #008000;\"><strong><em>runbold<\/em><\/strong><\/span><\/p>\n<blockquote>\n<p align=\"center\"><strong><em>\u00a0<\/em><\/strong><em>&#8222;Ich gebe euch .. sagen wir .. vier Heller f\u00fcr die Unze, jaja &#8230; es soll ja euer Schaden nicht sein mir das Traschbart zu bringen, denn ich gebe euch ja drei Heller je Unze.&#8220;<\/em><\/p>\n<p align=\"center\"><em>&#8222;Tretet doch N\u00e4her, damit ich euch besser sehen kann, junger Mann.&#8220;<\/em><\/p>\n<\/blockquote>\n<p><strong><em>\u00a0<\/em><\/strong><\/p>\n<h5><strong><em><a href=\"https:\/\/teehausgeschichten.de\/wp-content\/uploads\/2011\/11\/Die-Magd-a25180533.jpg\"><img loading=\"lazy\" decoding=\"async\" class=\"alignleft  wp-image-2281\" style=\"border: 2px solid grey;\" title=\"Birsel Ebers\" src=\"https:\/\/teehausgeschichten.de\/wp-content\/uploads\/2011\/11\/Die-Magd-a25180533-217x300.jpg\" alt=\"\" width=\"120\" height=\"140\" \/><\/a>Birsel Ebers (von Ebershof)<br \/>\n<\/em><\/strong><\/h5>\n<p>Ehemalige Magd des Korningshofs in der N\u00e4he von Tenkingsesch die vor kurzem erfahren hat, dass sie von adeligem Blute ist.<\/p>\n<p>Kontaktperson vom <span style=\"color: #008000;\"><em><strong>J\u00e4ger Dranodan Firunbold<\/strong><\/em><\/span><\/p>\n<blockquote>\n<p align=\"center\"><strong><em>\u00a0<\/em><\/strong><em>&#8222;Es f\u00e4llt mir schwer mir vorzustellen, dass ich von einem Tag auf den anderen von adeligem Blute sein soll, mein ganzes Leben habe ich nichts anderes getan als eine einfache Magd zu sein, und genau das bin ich auch.&#8220;<\/em><\/p>\n<\/blockquote>\n<h3><\/h3>\n<h4 style=\"text-align: center;\"><span style=\"color: #333399;\">KLEINSTADT ANDRAFALL<\/span><\/h4>\n<h5><strong><em><a href=\"https:\/\/teehausgeschichten.de\/wp-content\/uploads\/2012\/03\/Firun-Geweihter.jpg\"><img loading=\"lazy\" decoding=\"async\" class=\"alignleft  wp-image-1010\" style=\"border: 2px solid grey;\" title=\"Firun-Geweihter\" src=\"https:\/\/teehausgeschichten.de\/wp-content\/uploads\/2012\/03\/Firun-Geweihter-255x300.jpg\" alt=\"\" width=\"120\" height=\"140\" srcset=\"https:\/\/teehausgeschichten.de\/wp-content\/uploads\/2012\/03\/Firun-Geweihter-255x300.jpg 255w, https:\/\/teehausgeschichten.de\/wp-content\/uploads\/2012\/03\/Firun-Geweihter.jpg 279w\" sizes=\"auto, (max-width: 120px) 100vw, 120px\" \/><\/a><a href=\"https:\/\/teehausgeschichten.de\/?page_id=1009\">Hochw\u00fcrden Bernhelm Kleinfu\u00df<\/a><\/em><\/strong><\/h5>\n<p>Geweihter im Firun-Tempel zu Andrafall<\/p>\n<p>Kontaktperson vom<span style=\"color: #008000;\"> <strong><em>J\u00e4ger Dranodan Firunbold<\/em><\/strong><\/span><\/p>\n<blockquote>\n<p align=\"center\"><strong><em>\u00a0<\/em><\/strong><em>&#8222;Der wei\u00dfe J\u00e4ger beobachten euch, junges Wild.&#8220;<\/em><\/p>\n<p align=\"center\"><em>&#8222;Die Z\u00e4hen \u00fcberleben und die Schwachen sterben, so ward es und so wird es immer sein.&#8220;<\/em><\/p>\n<\/blockquote>\n<p>&nbsp;<\/p>\n<h4 style=\"text-align: center;\"><span style=\"color: #333399;\">WEILER TENKINGSESCH<\/span><\/h4>\n<h5><em><a href=\"https:\/\/teehausgeschichten.de\/wp-content\/uploads\/2012\/06\/Orguk.jpg\"><img loading=\"lazy\" decoding=\"async\" class=\"alignleft  wp-image-1544\" style=\"border: 2px solid grey;\" title=\"Orguk\" src=\"https:\/\/teehausgeschichten.de\/wp-content\/uploads\/2012\/06\/Orguk-189x300.jpg\" alt=\"\" width=\"120\" height=\"140\" \/><\/a><a href=\"https:\/\/teehausgeschichten.de\/?page_id=1543\">Goblinschamane Orguk<\/a><\/em><\/h5>\n<p>Schamane eines Goblinstamms nahe des Korningshofs auf dem Junkerngut Tenkingsesch<\/p>\n<p>Kontaktperson von <span style=\"color: #008000;\"><strong><em> J\u00e4ger Dranodan Firunbold<\/em><\/strong><\/span><\/p>\n<blockquote>\n<p style=\"text-align: center;\"><em>&#8222;Ihr Freunde von Suvingala und Orguk! Ihr gut Mensch seid<\/em>!&#8220;<\/p>\n<\/blockquote>\n<p style=\"text-align: left;\" align=\"center\"><strong><em>\u00a0<\/em><\/strong><\/p>\n<h1 align=\"center\"><strong><em><br \/>\n<\/em><\/strong><\/h1>\n","protected":false},"excerpt":{"rendered":"<p>&nbsp; Vigo Eichenherz Hochstapler und Abenteuer aus Teshkal\u00a0 |\u00a0 Status: Verstorben Anfang Phex 1029 lernte Vigo die Helden im Weiler Eschenbruch in der Freiherrschaft Beilstatt kennen. Zu dieser Zeit war er noch bei Meister Borkmeister, einem Alchemisten der Roten Salamander anstellig. Doch sein Noviziat beim Orden war nur ein Deckmantel, welches ihm erm\u00f6glichte unbemerkt bis [&hellip;]<\/p>\n","protected":false},"author":1,"featured_media":0,"parent":189,"menu_order":1,"comment_status":"open","ping_status":"closed","template":"","meta":{"footnotes":""},"class_list":["post-193","page","type-page","status-publish","hentry"],"_links":{"self":[{"href":"https:\/\/teehausgeschichten.de\/index.php?rest_route=\/wp\/v2\/pages\/193","targetHints":{"allow":["GET"]}}],"collection":[{"href":"https:\/\/teehausgeschichten.de\/index.php?rest_route=\/wp\/v2\/pages"}],"about":[{"href":"https:\/\/teehausgeschichten.de\/index.php?rest_route=\/wp\/v2\/types\/page"}],"author":[{"embeddable":true,"href":"https:\/\/teehausgeschichten.de\/index.php?rest_route=\/wp\/v2\/users\/1"}],"replies":[{"embeddable":true,"href":"https:\/\/teehausgeschichten.de\/index.php?rest_route=%2Fwp%2Fv2%2Fcomments&post=193"}],"version-history":[{"count":54,"href":"https:\/\/teehausgeschichten.de\/index.php?rest_route=\/wp\/v2\/pages\/193\/revisions"}],"predecessor-version":[{"id":5947,"href":"https:\/\/teehausgeschichten.de\/index.php?rest_route=\/wp\/v2\/pages\/193\/revisions\/5947"}],"up":[{"embeddable":true,"href":"https:\/\/teehausgeschichten.de\/index.php?rest_route=\/wp\/v2\/pages\/189"}],"wp:attachment":[{"href":"https:\/\/teehausgeschichten.de\/index.php?rest_route=%2Fwp%2Fv2%2Fmedia&parent=193"}],"curies":[{"name":"wp","href":"https:\/\/api.w.org\/{rel}","templated":true}]}}