{"id":1220,"date":"2012-04-18T21:20:06","date_gmt":"2012-04-18T19:20:06","guid":{"rendered":"http:\/\/teehausgeschichten.de\/?page_id=1220"},"modified":"2013-11-27T07:59:51","modified_gmt":"2013-11-27T06:59:51","slug":"der-gruppe-teehaus","status":"publish","type":"page","link":"https:\/\/teehausgeschichten.de\/?page_id=1220","title":{"rendered":"&#8230; der Gruppe Teehaus"},"content":{"rendered":"<p><em>Hier finden sich die besonderen Gegenst\u00e4nde, welche die als &#8222;Gruppe Teehaus&#8220; beeichneten Helden Ihr eigen nannten.<\/em><\/p>\n<p>Da w\u00e4hren zum Einen die selbst erstellten <a href=\"https:\/\/teehausgeschichten.de\/?page_id=787\">Thaumatursome<\/a> Nehazets und sonstige Artefakte.<\/p>\n<p>Und zum Anderen die <a href=\"https:\/\/teehausgeschichten.de\/?page_id=1129\">g\u00f6ttlichen Gegenst\u00e4nde<\/a>, welche die Helden von den G\u00f6ttern h\u00f6chstpers\u00f6nlich \u00fcbergaben bekamen, um ihre Mission in ihrem Sinne zu erf\u00fcllen.<\/p>\n","protected":false},"excerpt":{"rendered":"<p>Hier finden sich die besonderen Gegenst\u00e4nde, welche die als &#8222;Gruppe Teehaus&#8220; beeichneten Helden Ihr eigen nannten. Da w\u00e4hren zum Einen die selbst erstellten Thaumatursome Nehazets und sonstige Artefakte. Und zum Anderen die g\u00f6ttlichen Gegenst\u00e4nde, welche die Helden von den G\u00f6ttern h\u00f6chstpers\u00f6nlich \u00fcbergaben bekamen, um ihre Mission in ihrem Sinne zu erf\u00fcllen.<\/p>\n","protected":false},"author":6,"featured_media":0,"parent":1119,"menu_order":0,"comment_status":"open","ping_status":"closed","template":"","meta":{"footnotes":""},"class_list":["post-1220","page","type-page","status-publish","hentry"],"_links":{"self":[{"href":"https:\/\/teehausgeschichten.de\/index.php?rest_route=\/wp\/v2\/pages\/1220","targetHints":{"allow":["GET"]}}],"collection":[{"href":"https:\/\/teehausgeschichten.de\/index.php?rest_route=\/wp\/v2\/pages"}],"about":[{"href":"https:\/\/teehausgeschichten.de\/index.php?rest_route=\/wp\/v2\/types\/page"}],"author":[{"embeddable":true,"href":"https:\/\/teehausgeschichten.de\/index.php?rest_route=\/wp\/v2\/users\/6"}],"replies":[{"embeddable":true,"href":"https:\/\/teehausgeschichten.de\/index.php?rest_route=%2Fwp%2Fv2%2Fcomments&post=1220"}],"version-history":[{"count":5,"href":"https:\/\/teehausgeschichten.de\/index.php?rest_route=\/wp\/v2\/pages\/1220\/revisions"}],"predecessor-version":[{"id":4890,"href":"https:\/\/teehausgeschichten.de\/index.php?rest_route=\/wp\/v2\/pages\/1220\/revisions\/4890"}],"up":[{"embeddable":true,"href":"https:\/\/teehausgeschichten.de\/index.php?rest_route=\/wp\/v2\/pages\/1119"}],"wp:attachment":[{"href":"https:\/\/teehausgeschichten.de\/index.php?rest_route=%2Fwp%2Fv2%2Fmedia&parent=1220"}],"curies":[{"name":"wp","href":"https:\/\/api.w.org\/{rel}","templated":true}]}}