{"id":1198,"date":"2012-04-18T10:59:37","date_gmt":"2012-04-18T08:59:37","guid":{"rendered":"http:\/\/teehausgeschichten.de\/?page_id=1198"},"modified":"2017-06-01T19:46:33","modified_gmt":"2017-06-01T17:46:33","slug":"beyrounat-khorestan","status":"publish","type":"page","link":"https:\/\/teehausgeschichten.de\/?page_id=1198","title":{"rendered":"Beyrounat Khorestan"},"content":{"rendered":"<h1 style=\"text-align: center;\"><\/h1>\n<p style=\"text-align: justify;\"><a href=\"https:\/\/teehausgeschichten.de\/wp-content\/uploads\/2012\/04\/sza_karte.jpg\"><img loading=\"lazy\" decoding=\"async\" class=\"alignleft wp-image-1738\" style=\"border: 2px solid grey;\" title=\"sza_karte\" src=\"https:\/\/teehausgeschichten.de\/wp-content\/uploads\/2012\/04\/sza_karte.jpg\" alt=\"\" width=\"428\" height=\"268\" \/><\/a>Das Beyrounat Khorestan liegt im n\u00f6rdlichen Mhanadistan, es befindet sich auf etwa der halben Strecke zwischen Selicum und Fasar und bekommt durch die &#8222;Zedernstra\u00dfe&#8220; eine der wichtigsten Handelsrouten dieses Landes, eine wichtige Rolle zugetan. Khorestan besteht lediglich aus zwei D\u00f6rfern, Shirdar und Quadanagar. Shirdar ist die Hauptstadt des kleines magokratisch regierten Landes und liegt etwa im Zentrum des Landes, w\u00e4hrend Quadanagar, als Zollposten f\u00fcr die Zedernstra\u00dfe, etwas weiter im Osten liegt. Die Flora des Landes besteht zu gr\u00f6\u00dften Teilen aus Messergrassteppen, trockenen Ebenen und knochigen H\u00fcgelketten. Zwei weite staubige Ebenen, das Tula (Steppe) el-Makesh und das Tula el-Karan durchziehen das Land, beides sind ausged\u00f6rrte Steppen in denen es nichts weiter gibt als Skorpione und vertrocknete Olivenb\u00e4ume. Die Lebensader des Landes ist ein einzelner Fluss der sich aus der Gebirgregion im Norden speist, er zieht sich durch die H\u00fcgel, bis er zu einem ehemaligen Stausee kommt, wo er sich dann in drei Richtungen ergie\u00dft und somit das Land Rund um die D\u00f6rfer f\u00fcr die Feldwirtschaft ertr\u00e4glich macht. Einer der Zufl\u00fcsse m\u00fcndet sogar in einem See, der direkt an der Hauptstadt liegt, dem Schott el-Haz. Das Wasser des See&#8217;s konnte, f\u00fcr einige Zeit jedoch nicht als Trinkwasser genutzt werden, da der See auf einer offenen gro\u00dfen Schwefelablagerung lag, jene wurde von Adeptus Nehazet durch Zauberwerk wieder verschlossen und der gro\u00dfteil des gel\u00f6sten Schwefels wurde entfernt.<\/p>\n<p style=\"text-align: justify;\">Die Zw\u00f6lfe haben in Khorestan nur wenig Bedeutung. Etwa 60% der Bev\u00f6lkerung besteht aus Rastullahgl\u00e4ubigen Novadis, w\u00e4hrend die anderen 40% entweder heidnische Synkretische G\u00f6tterbildnisse anbeten oder nur vereinzelt an die Zw\u00f6lfe glauben. Umso verwunderlicher ist es daher, dass sich ein Phexschrein in Shirdar befindet, welcher eher dem alten tulamidischem Bild des &#8222;Feqz&#8220; zuzuordnen ist als dem &#8222;Phex&#8220; den die Zw\u00f6lfg\u00f6ttergl\u00e4ubigen kennen. Zudem gibt es noch einen &#8222;Radscha Uschtammar&#8220;-Schrein auf halbem Weg zwischen Shirdar und dem alten Stausee. Die \u00f6rtlichen Dorfbewohner beten hier f\u00fcr die Fruchtbarkeit des Landes und der eigenen Familie, was also eine Mischung aus Peraine und Rahja darstellt. Als letztes g\u00e4be es da noch den Atvarja-Schrein, welcher sich tief in der s\u00fcdlichen Messergrassteppe befindet und bereits stark \u00fcberwuchert ist.<\/p>\n<p style=\"text-align: justify;\">Seit dem 02. Praios 1026 BF, befindet sich Khoresten unter der Herrschaft von Bey Nehazet ibn Tulachim, dem es gelungen ist mit Hilfe einiger Freunde den ehemaligen Potentaten abzusetzen, da dieser das Land heruntergewirtschaftet hatte. Der ehemalige Emir Gulbad ibn Harun, hatte sich selbst erst wenige G\u00f6tterl\u00e4ufe zuvor mittels eines Milit\u00e4rstreichs an die Macht geputscht und seither mit seinen S\u00f6ldnern das Land geradewegs in den Untergang gewirtschaftet. Nicht zuletzt war dies wohl auch dem elementarem Diener des Erzes zu verdanken, der am Stausee \u00fcber die Wasserzufuhr des Landes herrschte, und Aufgrund der eingestellten &#8222;Zahlungen&#8220; an ihn seinen Dienst verweigert und somit das Land austrocknen lie\u00df. Adeptus Nehazet gelang es zusammen mit der Hexe Delia, der Gelehrten Jane Pedderson und der firungef\u00e4lligen Azina saba Belima den Staudamm zu \u00f6ffnen und somit das Wasser wieder zum flie\u00dfen zu bringen. Emir Gulbad lie\u00df bei einem gleichzeitig stattfindenen Angriff des ans\u00e4ssigen Ferkinastamms der &#8222;B\u00e2n Malya&#8220; sein Leben. Der aus Naggilah stammende Schwarzmagier Rafim ibn Rizwan nutzte die Gelegenheit und ehelichte gleich darauf die Shanja des soeben verstorbenen Potentaten um sich somit &#8222;rechtm\u00e4\u00dfig&#8220; zum Herrscher des Landes aufzuschwingen. Nehazet wurde daraufhin als Bey des Landes von ihm eingesetzt. Der junge Magier w\u00fcrde viele Freiheiten genie\u00dfen, solange er nur daf\u00fcr Sorgen w\u00fcrde, dass die monatlichen Goldabgaben stimmten.<\/p>\n<p><span style=\"color: #993300;\"><strong>Herrscher des Landes:<\/strong><\/span> <em><a href=\"https:\/\/teehausgeschichten.de\/?page_id=59\">Bey Nehazet ibn Tulachim<\/a> &#8211; <a href=\"https:\/\/teehausgeschichten.de\/?page_id=814\">Emir Rafim ibn Rizwan<\/a> unterstellt<br \/>\n<\/em><\/p>\n<p><span style=\"color: #993300;\"><strong>Einwohner:<\/strong><\/span> <em>ca. 550<\/em><\/p>\n<p><span style=\"color: #993300;\"><strong>Politik:<\/strong><\/span> <em>tulamidische Magokratie \/ Patriarchat<\/em><\/p>\n<p><span style=\"color: #993300;\"><strong>Wichtige D\u00f6rfer &amp; St\u00e4dte:<\/strong><\/span> <em>Shirdar 250 Dorfbewohner + 30 Festungsbewohner, Quadanagar: 150 Dorfbewohner<\/em><\/p>\n<p><span style=\"color: #993300;\"><strong>Sippend\u00f6rfer:<\/strong><\/span> <em>Ein Ferkina-Stamm der\u00a0 &#8222;B\u00e2n Malya&#8220; mit ca 80 Ferkinas<\/em><\/p>\n<p><span style=\"color: #993300;\"><strong>Wichtige Familien:\u00a0<\/strong><span style=\"color: #000000;\"><em>Sippe der Benaymani&#8217;s in Shirdar \/ Sippe der Rezzani&#8217;s in Quadanagar \/ Sippe der Maharbal in Shirdar<\/em><\/span><\/span><\/p>\n<ul>\n<li><em>Razzani&#8217;s in Quadanagar (Hairan Fthaihif al&#8217;Karimaz ay Quadanag) [ca. 50 Personen]<\/em><\/li>\n<li><em>Benaymani&#8217;s\u00a0 in Shirdar (Hairan Achtev al&#8217;Rashid ben Shafir) [ca. 70 Personen]<\/em><\/li>\n<li><em>Maharbal&#8217;s in Shirdar (Hairan Mordai s\u00e2l Maharbal al&#8217;Kira) [ca. 40 Personen]<\/em><\/li>\n<\/ul>\n<p><span style=\"color: #993300;\"><strong>Verkehrswege:<\/strong><\/span> <em>Karawanenroute &#8222;Zedernstra\u00dfe&#8220;, Br\u00fccke Mandrakhor (Arbeitstitel\/in Bau, Projekt wurde in Planung gegeben vor Nehazets aufbruch)<br \/>\n<\/em><\/p>\n<p><span style=\"color: #993300;\"><strong>Wichtige Handelsg\u00fcter:<\/strong><\/span> <em>Gr\u00fcner Tee, Obst, Teppiche, Stoffe, Pergament<br \/>\n<\/em><\/p>\n<p><span style=\"color: #993300;\"><strong>Wirtschaft:<\/strong><\/span><\/p>\n<p><span style=\"color: #000000;\"><strong><em>Shirdar:<\/em><\/strong><\/span><\/p>\n<p><em>Eine Karawanserei, Ein Hammam (Badehaus), Ein Schrein des Feqz, Ein Atvarya-Schrein, Ein Rahja-Altar<\/em><\/p>\n<ul>\n<li>Huf- und Waffenschmied &#8211; 10 Personen<\/li>\n<li>Teppichkn\u00fcpferei &amp; Schneiderei &#8211; 22 Personen<\/li>\n<li>Tischler &#8211; 8 Personen<\/li>\n<li>Lebensmittelh\u00e4ndler (B\u00e4cker) &#8211; 11 Personen<\/li>\n<li>Ackerbau &amp; Viehzucht &#8211; 92 Personen<\/li>\n<li>Hammam &#8211; 6 Personen<\/li>\n<li>Karawanserei &#8211; 18 Personen<\/li>\n<li>Fischerei &#8211; 12 Personen<\/li>\n<li>Kr\u00e4mer &#8211; 4 Personen<\/li>\n<li>Alchimie &#8211; 3 Personen<\/li>\n<li>Ziegelei<\/li>\n<\/ul>\n<p><span style=\"color: #000000;\"><strong>Quadanagar:<\/strong><\/span><\/p>\n<p><em>Ein Gasthaus<\/em> <em>&#8222;Schnabelschuh&#8220;<br \/>\n<\/em><\/p>\n<ul>\n<li>F\u00e4rberei &#8211; 22 Personen<\/li>\n<li>B\u00fccher- &amp; Pergamenth\u00e4ndler (Alam Seyshaban ben Cherek b\u00e2n Rezzan) &#8211; 8 Personen<\/li>\n<li>Lebensmittelh\u00e4ndler (B\u00e4cker) &#8211; 5 Personen<\/li>\n<li>M\u00fchle &#8211; 10 Personen<\/li>\n<li>Ackerbau &amp; Viehzucht &#8211; 61 Personen<\/li>\n<li>Gasthaus &#8211; 8 Personen<\/li>\n<li>Kr\u00e4mer &#8211; 2 Personen<\/li>\n<\/ul>\n<p>&nbsp;<\/p>\n<h3><\/h3>\n<p style=\"text-align: justify;\">Regierungssitz des Landes ist die wehrhafte Festung Krak al&#8217;Shirdar, welche sich auf einem nahem H\u00fcgel zum Dorf empor erhebt. Die Festung verf\u00fcgt \u00fcber mehrere Wehrt\u00fcrme, Stallungen, Gesindeh\u00e4user, einen Schmied, einen\u00a0 Schreiner und &#8211; nat\u00fcrlich &#8211; einen Burgfried. Die Festung wurde g\u00e4nzlich aus Sandfarbenen Ziegeln errichtet und scheint daher quasi aus dem Boden des H\u00fcgels heraus zu wachsen. Die Feste verf\u00fcgt au\u00dferdem \u00fcber ein magisches Bew\u00e4sserungssystem, welches jedoch seit dem verschwinden des elementaren Meisters des Erzes im Stausee nicht mehr aktiv ist, bis vor kurzem musste das Wasser\u00a0 daher m\u00fchsam von den Dorfbewohner herbeigeschafft werden, doch nach der Reinigung des Schott el-Haz fand sich eine einfachere M\u00f6glichkeit das Wasserproblem der Burg zu l\u00f6sen, in dem mittels elementarer Manipulation ein vergitterter Schacht unter die Wasseroberfl\u00e4che des Schott el-Haz aus dem Gestein. mittels eines Dshinn des Erzes geformt wurde.<\/p>\n<p style=\"text-align: justify;\">Krak al&#8217;Shirdar w\u00fcrde M\u00fchelos einer k\u00fcrzeren Belagerung standhalten k\u00f6nnen und ist wegen seiner strategisch guten Lage daher ein Bollwerk, welches es den benachbarten Herrschern unattraktiv Macht dieses Land anzugreifen. Die Festung ist jedoch nicht nur der Sitz des Milit\u00e4rs, sondern gleichzeitig auch noch die Residenz des Herrschers, welche im Burgfried zu finden ist.<strong><br \/>\n<\/strong><\/p>\n<p><span style=\"color: #000000;\"><span style=\"color: #993300;\"><strong>Oberaupt:<\/strong><\/span><em> Bey Nehazet ibn Tulachim<\/em><\/span><\/p>\n<p><span style=\"color: #000000;\"><span style=\"color: #993300;\"><strong>Palastwesir: <\/strong><\/span><em>Wesir Assaf al&#8217;Fesari<\/em><\/span><\/p>\n<p><span style=\"color: #000000;\"><span style=\"color: #993300;\"><strong>Hauptmann der Palastgarde:<\/strong><\/span><em> Agha Jedrech al&#8217;Keb\u00eer ben Nareb<\/em><\/span><\/p>\n<p><span style=\"color: #000000;\"><span style=\"color: #993300;\"><strong>Milit\u00e4r: <\/strong><span style=\"color: #000000;\"><em>2 Dschadras leichte Infantrie<\/em><\/span><strong><br \/>\n<\/strong><\/span><\/span><\/p>\n<ul>\n<li><span style=\"color: #000000;\"> 1. Dschadra &#8211; leichte Infantrie (18 Mann) [Ans\u00e4ssig auf Krak al&#8217;Shirdar]<\/span><\/li>\n<li><span style=\"color: #000000;\">2. Dschadra &#8211; leichte Infantrie (10 Mann) [In Quadanagar]<br \/>\n<\/span><\/li>\n<\/ul>\n<p>Die 1. Dschadra, sorgt f\u00fcr die Sicherheit des Landes und dient als Dauerbesetzung f\u00fcr die Festung, um nicht von pl\u00f6tzlichen Angriffen von au\u00dfen \u00fcberrascht zu werden. Zudem dienen ein paar der M\u00e4nner in der Stadt als Z\u00f6llner und Dorfgardisten.<\/p>\n<p>Die 2. Dschadra ist in Quadanagar ans\u00e4ssig und ist dort f\u00fcr die Abhandlung der Z\u00f6lle auf der Zedernstra\u00dfe verantwortlich, au\u00dferdem k\u00fcmmern sich einige der M\u00e4nner um die Sicherheit des Dorfes und dienen als Dorfgardisten<\/p>\n<p style=\"text-align: justify;\">Sowohl die erste, als auch zweite Dschadra bestehen aus ehemaligen tulamidischen S\u00f6ldnern, welche aus allen L\u00e4ndern zusammenkommen. Ihre Bezahlung ist derzeit mehr als \u00fcberzogen, da sich die S\u00f6ldner nicht von ihren alten L\u00f6hnen lossagen konnten und der ehemalige Emir und S\u00f6ldneranf\u00fchrer ihnen daher die selbe L\u00f6hne weiter gezahlt hatte. Die M\u00e4nner beider Lanzen sind raubeinige, teils ungehobelte und ungebildete M\u00e4nner, die keinen allzu guten Ruf in den D\u00f6rfern genie\u00dfen, doch solange das Lohns\u00e4ckel gezahlt wird, tun sie ihre Pflicht und lassen es sich in diesem Land gutgehen.<\/p>\n<p style=\"text-align: center;\"><a href=\"https:\/\/teehausgeschichten.de\/wp-content\/uploads\/2012\/04\/SCN_0001.jpg\"><img loading=\"lazy\" decoding=\"async\" class=\"aligncenter wp-image-1735\" style=\"border: 5px solid grey;\" title=\"Gebietskarte Khorestan\" src=\"https:\/\/teehausgeschichten.de\/wp-content\/uploads\/2012\/04\/SCN_0001-1024x723.jpg\" alt=\"\" width=\"759\" height=\"540\" \/><\/a><\/p>\n<p>&nbsp;<\/p>\n<h2 style=\"text-align: center;\"><strong><span style=\"color: #993300;\">Herrschaftliche Schatzkammer von Khorestan<\/span><\/strong><\/h2>\n<p>&nbsp;<\/p>\n<p style=\"text-align: justify;\"><a href=\"https:\/\/teehausgeschichten.de\/wp-content\/uploads\/2012\/04\/chest-with-gold-1.jpg\"><img loading=\"lazy\" decoding=\"async\" class=\"alignleft wp-image-1741\" style=\"border: 2px solid grey;\" title=\"Schatzkammer\" src=\"https:\/\/teehausgeschichten.de\/wp-content\/uploads\/2012\/04\/chest-with-gold-1.jpg\" alt=\"\" width=\"270\" height=\"227\" \/><\/a> Die Herrschaftliche Schatzkammer von Khorestan war, als Adeptus Nehazet ibn Tulachim die Macht \u00fcbernahm, quasi leer. Nur wenige Schmuckst\u00fccke und goldene Kostbarkeiten waren noch im Privatbesitz des ehemaligen Herrschers \u00fcbrig geblieben. Durch das ausgetrocknete Land und den ausschweifenden Lebensstil des ehemaligen Emirs, leerte sich die Schatzkammer recht schnell, denn ein Land dass keine Rohstoffe pruduzierte, musste seine Versorgung teuer von au\u00dferhalb des Landes bewerkstelligen.<\/p>\n<p style=\"text-align: justify;\">Als am 02. Praios 1026 BF ein Machtwechsel vollzogen wurde, verkaufte der neue Herrscher den Schmuck des alten Herrschers um somit \u00fcber ein Anfangspolster zu Verf\u00fcgen, welches f\u00fcr die Investition in das Land genutzt werden sollte.<\/p>\n<p>&nbsp;<\/p>\n<p>&nbsp;<\/p>\n<p>&nbsp;<\/p>\n<p>&nbsp;<\/p>\n<p>&nbsp;<\/p>\n<h3 style=\"text-align: center;\"><span style=\"text-decoration: underline; color: #993300;\"><em>Ausgaben des Landes:<\/em><\/span><\/h3>\n<p><strong>Milit\u00e4r:<\/strong><em> <span style=\"color: #ff0000;\">2 Marawedi, 3 Zechinen und 20 Muwlat \/ Tag\u00a0\u00a0\u00a0 &#8211;\u00a0\u00a0\u00a0 <strong>70<\/strong> <strong>Marawedi<\/strong> und<strong> 5<\/strong> <strong>Zechinen<\/strong> \/ <strong>Monat<\/strong><\/span><br \/>\n<\/em><\/p>\n<ul>\n<li><em><strong>Shirdar:<\/strong> 1 Agha, 1 Beybashar, 4 Bashare, 12 Tschauschs<br \/>\n<\/em><\/li>\n<li><em><strong>Quadanagar:<\/strong> 1 Beybashar, 3 Bashare, 6 Tschauschs<\/em><\/li>\n<\/ul>\n<p><strong>Angestelle Krak al&#8217;Shirdar: <\/strong><em><span style=\"color: #ff0000;\">1 Marawedi und 2 Muwlat \/ Tag\u00a0\u00a0 &#8211;\u00a0\u00a0 <strong>30 Marawedi<\/strong> und <strong>2 Zechinen<\/strong> \/ <strong>Monat<\/strong><\/span><\/em><strong><br \/>\n<\/strong><\/p>\n<ul>\n<li><strong><em>Palastwesir: <\/em><\/strong><em>Assaf al&#8217;Fesari &#8211; 4 Zechinen \/ Tag<\/em><strong><em><br \/>\n<\/em><\/strong><\/li>\n<li><em><strong>Einfache Palastangestellte:<\/strong>\u00a0 8 Diener zu je 8 Muwlat \/ Tag = 64 Muwlat \/ Tag = 1 Zechine und 24 Muwlat \/ Tag<\/em><\/li>\n<li><strong>Bessere Palastangestellte: <\/strong><em>4 Versorgungsdiener zu je 1 Zechine \/ Tag = 4 Zechinen \/ Tag<\/em><\/li>\n<li><strong>Harem (Unterhalt):<\/strong> <em>Vier Haremsfrauen zu je 4 Muwlat \/ Tag = 16 Muwlat \/ Tag<\/em><\/li>\n<li><strong>Versorgung der Gefangenen:<\/strong> <em>Tuluf ibn Harun &#8211; 2 Muwlat am Tag<\/em><\/li>\n<\/ul>\n<p><strong>Privatprojekte:<\/strong><\/p>\n<ul>\n<li><strong><em>Hofalchimistin:<\/em> <\/strong>Azila saba Nassir<\/li>\n<li><strong>Lehrling der Alchimie: <\/strong>Mezzek<\/li>\n<\/ul>\n<p><strong>Abgaben an Emir Rafim ibn Rizwan:<span style=\"color: #ff0000;\"><em> 50 Marawedi \/ Monat<\/em><\/span><\/strong> (entspricht ca. einem Drittel der Gesamteinnahmen)<\/p>\n<h3><\/h3>\n<h3 style=\"text-align: center;\"><span style=\"text-decoration: underline; color: #993300;\"><em>Einnahmen des Landes:<\/em><\/span><\/h3>\n<p><strong>Kopfsteuer:<\/strong> <em><span style=\"color: #008000;\">200 Marawedis \/ Jahr = <strong>16 Marawedis<\/strong> und <strong>6 Zechinen<\/strong> \/ <strong>Monat<\/strong><\/span><\/em><\/p>\n<ul>\n<li><strong>Shirdar:<\/strong> 250 Personen = 125 Marawedis \/ Jahr<\/li>\n<li><strong>Quadanagar:<\/strong> 150 Personen = 75 Marawedis \/ Jahr<\/li>\n<\/ul>\n<p><strong>Aus- und Einfuhrz\u00f6lle: <\/strong><span style=\"color: #008000;\"><em><strong>60 &#8211; 85 Marawedis<\/strong> \/ <strong>Monat<\/strong><\/em><\/span><\/p>\n<ul>\n<li><strong>Zollstation Shirdar:<\/strong>20 &#8211; 25 Marawedis \/ Monat<\/li>\n<li><strong>Zollstation Quadanagar:<\/strong> 40 &#8211; 60 Marawedis \/ Monat<\/li>\n<\/ul>\n<p><strong>Manufaktursteuer: <span style=\"color: #008000;\"><em>51 Marawedi <\/em>\/<em> Monat<\/em><\/span><br \/>\n<\/strong><\/p>\n<p><strong>Shirdar: 39 Marawedi \/ Monat<\/strong><\/p>\n<ul>\n<li>Huf &amp; Waffenschmied: 8 Marawedi \/ Monat<\/li>\n<li>Teppichkn\u00fcpferei &amp; Schneiderei: 6 Marawedi \/ Monat<\/li>\n<li>Tischler: 5 Marawedi \/ Monat<\/li>\n<li>B\u00e4cker: 5 Marawedi \/ Monat<\/li>\n<li>Alchimist: 15 Marawedi \/ Monat<\/li>\n<\/ul>\n<p><strong>Quadanagar: 12 Marawedi \/ Monat<\/strong><\/p>\n<ul>\n<li>F\u00e4rberei: 6 Marawedi \/ Monat<\/li>\n<li>B\u00fccher- &amp; Pergamentmacher: 6 Marawedi \/ Monat<\/li>\n<\/ul>\n<p><strong>H\u00e4ndlersteuern: <span style=\"color: #008000;\"><em>25 Marawedi <\/em>\/<em> Monat<\/em><\/span><\/strong><\/p>\n<p><strong>Shirdar: 20 Marawedi \/ Monat<\/strong><\/p>\n<ul>\n<li>Lebensmittelh\u00e4ndler: 8 Marawedi \/ Monat<\/li>\n<li>Kr\u00e4mer: 4 Marawedi \/ Monat<\/li>\n<li>Hammam: 2 Marawedi \/ Monat<\/li>\n<li>Karawanserei: 6 Marawedi \/ Monat<\/li>\n<\/ul>\n<p><strong>Quadanagar: 5 Marawedi \/ Monat<\/strong><\/p>\n<ul>\n<li>Lebensmittelh\u00e4ndler: 3 Marawedi \/ Monat<\/li>\n<li>Kr\u00e4mer: 2 Marawedi \/ Monat<\/li>\n<\/ul>\n<p>&nbsp;<\/p>\n<h4 style=\"text-align: center;\"><strong>Einnahmen Insgesamt:<\/strong> <span style=\"color: #008000;\">ca.<strong> 152 Marawedi\u00a0 <\/strong>bis ca.<strong> 177 Marawedi und 6 Zechinen \/ Monat<\/strong><\/span><\/h4>\n<h4 style=\"text-align: center;\"><strong>Ausgaben Insgesamt: <em><span style=\"color: #ff0000;\">150 Marawedi <\/span><\/em><\/strong><em><span style=\"color: #ff0000;\">und<\/span><\/em><strong><em><span style=\"color: #ff0000;\"> 7 Zechinen \/ Monat<\/span><\/em><\/strong><\/h4>\n<p>&nbsp;<\/p>\n<p><strong>Rondramond<\/strong><\/p>\n<ul>\n<li>Einnahmen: <span style=\"color: #008000;\">145 Marawedi<\/span><\/li>\n<li>Ausgaben: <span style=\"color: #ff0000;\">174 Marawedi<\/span> (Davon 29 Marawedi f\u00fcr sonstige Anschaffungen)<\/li>\n<li>Schatzkammer: <span style=\"color: #008000;\"><strong>32 Marawedi<\/strong><\/span><\/li>\n<\/ul>\n<p><strong>Efferdmond<\/strong><\/p>\n<ul>\n<li>Einnahmen: <span style=\"color: #008000;\">137 Marawedi<\/span><\/li>\n<li>Ausgaben: <span style=\"color: #ff0000;\">145 Marawedi<\/span><\/li>\n<li>Schatzkammer: <span style=\"color: #008000;\"><strong>25 Marawedi<\/strong><\/span><\/li>\n<\/ul>\n<p><strong>Traviamond<\/strong><\/p>\n<ul>\n<li>Einnahmen: <span style=\"color: #008000;\">151 Marawedi<\/span><\/li>\n<li>Ausgaben: <span style=\"color: #ff0000;\">145 Marawedi<\/span><\/li>\n<li>Schatzkammer: <span style=\"color: #008000;\"><strong>31 Marawedi<\/strong><\/span><\/li>\n<\/ul>\n<p><strong>Boronmond<\/strong><\/p>\n<ul>\n<li>Einnahmen: <span style=\"color: #008000;\">154 Marawedi<\/span><\/li>\n<li>Ausgaben: <span style=\"color: #ff0000;\">145 Marawedi<\/span><\/li>\n<li>Schatzkammer: <span style=\"color: #008000;\"><strong>40 Marawedi<\/strong><\/span><\/li>\n<\/ul>\n<p><strong>Hesindemond<\/strong><\/p>\n<ul>\n<li>Einnahmen: <span style=\"color: #008000;\">161 Marawedi<\/span><\/li>\n<li>Ausgaben: <span style=\"color: #ff0000;\">150 Marawedi (Davon 5 Marawedi f\u00fcr das Gew\u00e4chshaus)<\/span><\/li>\n<li>Schatzkammer: <span style=\"color: #008000;\"><strong>51 Marawedi<\/strong><\/span><\/li>\n<\/ul>\n<p><strong>Firunmond<\/strong><\/p>\n<ul>\n<li>Einnahmen: <span style=\"color: #008000;\">152 Marawedi<\/span><\/li>\n<li>Ausgaben: <span style=\"color: #ff0000;\">145 Marawedi<\/span><\/li>\n<li>Schatzkammer: <span style=\"color: #008000;\"><strong>58 Marawedi<\/strong><\/span><\/li>\n<\/ul>\n<p><strong>Tsamond<\/strong><\/p>\n<ul>\n<li>Einnahmen: <span style=\"color: #008000;\">152 Marawedi und 6 Zechinen<br \/>\n<\/span><\/li>\n<li>Ausgaben: <span style=\"color: #ff0000;\">145 Marawedi<\/span><\/li>\n<li>Schatzkammer: <span style=\"color: #008000;\"><strong>65 Marawedi und 6 Zechinen<\/strong><\/span><\/li>\n<\/ul>\n<p><strong>Feqzmond<br \/>\n<\/strong><\/p>\n<ul>\n<li>Einnahmen:\u00a0<span style=\"color: #008000;\"> Marawedi und\u00a0 Zechinen<br \/>\n<\/span><\/li>\n<li>Ausgaben:\u00a0<span style=\"color: #ff0000;\"> Marawedi<\/span><\/li>\n<li>Schatzkammer:\u00a0<span style=\"color: #008000;\"><strong> Marawedi und\u00a0 Zechinen<\/strong><\/span><\/li>\n<\/ul>\n<p>&nbsp;<\/p>\n<p><a href=\"https:\/\/teehausgeschichten.de\/wp-content\/uploads\/2012\/04\/Shirdar.jpg\"><img loading=\"lazy\" decoding=\"async\" class=\"aligncenter wp-image-7393 size-large\" src=\"https:\/\/teehausgeschichten.de\/wp-content\/uploads\/2012\/04\/Shirdar-1024x745.jpg\" alt=\"\" width=\"1024\" height=\"745\" srcset=\"https:\/\/teehausgeschichten.de\/wp-content\/uploads\/2012\/04\/Shirdar-1024x745.jpg 1024w, https:\/\/teehausgeschichten.de\/wp-content\/uploads\/2012\/04\/Shirdar-300x218.jpg 300w, https:\/\/teehausgeschichten.de\/wp-content\/uploads\/2012\/04\/Shirdar-768x559.jpg 768w\" sizes=\"auto, (max-width: 1024px) 100vw, 1024px\" \/><\/a><\/p>\n<h2 style=\"text-align: center;\"><span style=\"text-decoration: underline; color: #993300;\"><span style=\"text-decoration: underline;\"><em><strong>Aktuelle Angelegenheiten:<\/strong><\/em><\/span><\/span><\/h2>\n<p style=\"text-align: justify;\"><span style=\"color: #000080;\"><em>&#8211; Die Bev\u00f6lkerung von Shirdar ist gl\u00fccklich \u00fcber ihren neuen Bey, doch der Aufmarsch von Emir Rafim&#8217;s Truppen und die Geldwagen die nach Naggilah gehen lassen die Bev\u00f6lkerung munkeln dass die Leute hier ebenfalls bald so behandelt werden wie in dem Emirat &#8211; Angst und sogar etwas Emp\u00f6rung keimen auf. Die entdeckte versteckte Goldlieferung gen Osten hat die Bev\u00f6lkerung in Quadanagar noch weiter aufhorchen lassen.<br \/>\n<\/em><\/span><\/p>\n<h6><span style=\"color: #000000;\">Bev\u00f6lkerungsloyalit\u00e4tskala von Shirdar (10 stellt den neutralen Wert dar):<\/span> <span style=\"color: #008000;\"><strong>&#8211;15&#8211;<\/strong><\/span><\/h6>\n<ul>\n<li><span style=\"color: #008000;\"><strong>+<\/strong><strong> 4<\/strong>: Er hat uns das Wasser wiedergebracht!<\/span><\/li>\n<li><span style=\"color: #008000;\"><strong>+ 2<\/strong>: Er hat das alte Steuersystem wieder eingef\u00fchrt!<\/span><\/li>\n<li><span style=\"color: #008000;\"><strong>+ 2<\/strong>: Er hat uns von der Knechtschaft des alten Beys befreit<br \/>\n<\/span><\/li>\n<li><span style=\"color: #008000;\"><strong>+1:<\/strong> Er hat das Wasser des Shott el-Haz wieder genie\u00dfbar gemacht.<\/span><\/li>\n<li><span style=\"color: #ff0000;\"><strong>&#8211;\u00a0 2<\/strong>: Er hat uns das Gold weggenommen welches den Fluss herunterkam!<\/span><\/li>\n<li><span style=\"color: #ff0000;\"><strong>&#8211;\u00a0 1<\/strong>: Wir haben Angst, dass unser neuer Bey so ist wie Emir Rafim ibn Rizwan &#8211; wie wollen keine Versuchsobjekte sein!<br \/>\n<\/span><\/li>\n<li><span style=\"color: #ff0000;\"><strong>-1:<\/strong> Sein Z\u00f6gern f\u00fchrte dazu, das nicht alle von den Ferkina geraubten wieder zur\u00fcckkammen.<\/span><\/li>\n<\/ul>\n<h6>Bev\u00f6lkerungsloyalit\u00e4tskala von Quadanagar (10 stellt den neutralen Wert dar): <span style=\"color: #008000;\"><strong>&#8211;18&#8211;<\/strong><\/span><\/h6>\n<ul>\n<li><span style=\"color: #008000;\"><strong>+<\/strong><strong> 4<\/strong>: Er hat uns das Wasser wiedergebracht!<\/span><\/li>\n<li><span style=\"color: #008000;\"><strong>+ 2<\/strong>: Er hat das alte Steuersystem wieder eingef\u00fchrt!<\/span><\/li>\n<li><span style=\"color: #008000;\"><strong>+ 2<\/strong>: Er hat uns von der Knechtschaft des alten Beys befreit<\/span><\/li>\n<li><span style=\"color: #008000;\">+ <strong>2<\/strong>: Er hat Krumpelratsch verjagt!<\/span><span style=\"color: #008000;\"><br \/>\n<\/span><\/li>\n<li><span style=\"color: #ff0000;\"><strong>&#8211;\u00a0 1<\/strong>: Wir haben Angst, dass unser neuer Bey so ist wie Emir Rafim ibn Rizwan &#8211; wie wollen keine Versuchsobjekte sein!<\/span><\/li>\n<li><span style=\"color: #ff0000;\"><strong>&#8211;\u00a0 1:<\/strong> Wir haben eine versteckte Goldlieferung entdeckt die gen Osten ging, was will unser Bey dort blo\u00df verbergen?<br \/>\n<\/span><\/li>\n<\/ul>\n","protected":false},"excerpt":{"rendered":"<p>Das Beyrounat Khorestan liegt im n\u00f6rdlichen Mhanadistan, es befindet sich auf etwa der halben Strecke zwischen Selicum und Fasar und bekommt durch die &#8222;Zedernstra\u00dfe&#8220; eine der wichtigsten Handelsrouten dieses Landes, eine wichtige Rolle zugetan. Khorestan besteht lediglich aus zwei D\u00f6rfern, Shirdar und Quadanagar. Shirdar ist die Hauptstadt des kleines magokratisch regierten Landes und liegt etwa [&hellip;]<\/p>\n","protected":false},"author":6,"featured_media":0,"parent":592,"menu_order":2,"comment_status":"open","ping_status":"closed","template":"","meta":{"footnotes":""},"class_list":["post-1198","page","type-page","status-publish","hentry"],"_links":{"self":[{"href":"https:\/\/teehausgeschichten.de\/index.php?rest_route=\/wp\/v2\/pages\/1198","targetHints":{"allow":["GET"]}}],"collection":[{"href":"https:\/\/teehausgeschichten.de\/index.php?rest_route=\/wp\/v2\/pages"}],"about":[{"href":"https:\/\/teehausgeschichten.de\/index.php?rest_route=\/wp\/v2\/types\/page"}],"author":[{"embeddable":true,"href":"https:\/\/teehausgeschichten.de\/index.php?rest_route=\/wp\/v2\/users\/6"}],"replies":[{"embeddable":true,"href":"https:\/\/teehausgeschichten.de\/index.php?rest_route=%2Fwp%2Fv2%2Fcomments&post=1198"}],"version-history":[{"count":43,"href":"https:\/\/teehausgeschichten.de\/index.php?rest_route=\/wp\/v2\/pages\/1198\/revisions"}],"predecessor-version":[{"id":7394,"href":"https:\/\/teehausgeschichten.de\/index.php?rest_route=\/wp\/v2\/pages\/1198\/revisions\/7394"}],"up":[{"embeddable":true,"href":"https:\/\/teehausgeschichten.de\/index.php?rest_route=\/wp\/v2\/pages\/592"}],"wp:attachment":[{"href":"https:\/\/teehausgeschichten.de\/index.php?rest_route=%2Fwp%2Fv2%2Fmedia&parent=1198"}],"curies":[{"name":"wp","href":"https:\/\/api.w.org\/{rel}","templated":true}]}}