{"id":1127,"date":"2012-04-06T13:38:11","date_gmt":"2012-04-06T11:38:11","guid":{"rendered":"http:\/\/teehausgeschichten.de\/?page_id=1127"},"modified":"2018-08-27T12:30:07","modified_gmt":"2018-08-27T10:30:07","slug":"artefakte","status":"publish","type":"page","link":"https:\/\/teehausgeschichten.de\/?page_id=1127","title":{"rendered":"Artefakte"},"content":{"rendered":"<p><em>Hier werden die Aufzeichnungen \u00fcber die diversen Thaumatursome gesammelt, deren Besitzer einer entsprechenden arkanen Visitation, freundlicherweise zustimmten.<br \/>\nNeben genauen Beschreibungen werden auch die verwobenen Informationen in der Artefaktmatrix von kundigen der Clarobservantia ermittelt. Insofern bitten wir euch die gelehrten Damen und Herren bei Ihren arkanen Visitationen nicht zu st\u00f6ren, zu einfach ist es doch die Untersuchung der komplexen astralen Struktur zu behindern durch pl\u00f6tzliche St\u00f6rquellen.<\/em><\/p>\n<p>Einerseits dient dies als Stelle zum sammeln von Aufzeichnungen \u00fcber die diversen Artefakte, derer die Helden ansichtig wurden oder gar erlangten.<br \/>\nAndererseits aber auch als Ort zur Konzeption und Vorstellung neuer Artefakte, bzw. zur Anfrage einzelner Charaktere au\u00dferhalb der Spielrunden.<\/p>\n<h5>Artefakte im Besitz von Azina:<\/h5>\n<h6>magisch:<\/h6>\n<ul>\n<li><strong>Armreif aus Silber<\/strong>\n<ul>\n<li>\u00fcberreicht von Nahema al Tamerlein im Jahr 2025 n. BF in Ferdok<\/li>\n<li>12 ASP l\u00e4d sich jeden Tag um 1 ASP auf<\/li>\n<li>ausl\u00f6sbare Zauber\n<ul>\n<li>Adlerauge Luchsenohr<\/li>\n<li>Axxeleratus<\/li>\n<\/ul>\n<\/li>\n<\/ul>\n<\/li>\n<li><a href=\"https:\/\/teehausgeschichten.de\/?page_id=787&amp;page=9\"><strong>Der Djalid dienende Ring der Meisterin<\/strong><\/a>\n<ul>\n<li>\u00fcberreicht von Nehazet ibn Tulachim im Jahr 2027 n. BF in Punin<\/li>\n<li>ausl\u00f6sbare Zauber\n<ul>\n<li>ruft einen Eiselementar<\/li>\n<\/ul>\n<\/li>\n<\/ul>\n<\/li>\n<li><strong>magischer Khunchomer<\/strong>\n<ul>\n<li>\u00fcberreicht von Nehazet ibn Tulachim im Jahr 2027 n. BF in Punin<\/li>\n<li>verletzt magische und d\u00e4monische Wesen<\/li>\n<\/ul>\n<\/li>\n<\/ul>\n<h5>g\u00f6ttlich:<\/h5>\n<ul>\n<li><strong>Amulett aus Bergkristall<\/strong>\n<ul>\n<li>\u00fcberreicht von einer mysteri\u00f6sen Gestalt im Kaputzenumhang in einem Steinkreis in einer nebeligen Umgebung im Jahr 2023 n. BF<\/li>\n<li>kennzeichnet die Auswerw\u00e4hlte Firuns im Kampf gegen den Vortex<\/li>\n<li>Tr\u00e4gerin kann das Amulett nicht abnehmen ohne Verlust zu sp\u00fcren<\/li>\n<\/ul>\n<\/li>\n<li><a href=\"https:\/\/teehausgeschichten.de\/?page_id=1129\"><strong>Speer aus Bergkristiall<\/strong> <\/a>&#8211; Gegenstand der Erw\u00e4hlten des Firuns im Kampf gegen den Vortex\n<ul>\n<li>\u00fcberreicht (nachdem er Monde zuvor im Raschtulswall verloren ging) von Nehazet ibn Tulachim im Jahr 2026 n. BF<\/li>\n<li>gl\u00e4nzt (auch bei Nacht) blau\/wei\u00df und strahlt K\u00e4lte aus<\/li>\n<\/ul>\n<\/li>\n<\/ul>\n","protected":false},"excerpt":{"rendered":"<p>Hier werden die Aufzeichnungen \u00fcber die diversen Thaumatursome gesammelt, deren Besitzer einer entsprechenden arkanen Visitation, freundlicherweise zustimmten. Neben genauen Beschreibungen werden auch die verwobenen Informationen in der Artefaktmatrix von kundigen der Clarobservantia ermittelt. Insofern bitten wir euch die gelehrten Damen und Herren bei Ihren arkanen Visitationen nicht zu st\u00f6ren, zu einfach ist es doch die [&hellip;]<\/p>\n","protected":false},"author":3,"featured_media":0,"parent":1220,"menu_order":0,"comment_status":"open","ping_status":"closed","template":"","meta":{"footnotes":""},"class_list":["post-1127","page","type-page","status-publish","hentry"],"_links":{"self":[{"href":"https:\/\/teehausgeschichten.de\/index.php?rest_route=\/wp\/v2\/pages\/1127","targetHints":{"allow":["GET"]}}],"collection":[{"href":"https:\/\/teehausgeschichten.de\/index.php?rest_route=\/wp\/v2\/pages"}],"about":[{"href":"https:\/\/teehausgeschichten.de\/index.php?rest_route=\/wp\/v2\/types\/page"}],"author":[{"embeddable":true,"href":"https:\/\/teehausgeschichten.de\/index.php?rest_route=\/wp\/v2\/users\/3"}],"replies":[{"embeddable":true,"href":"https:\/\/teehausgeschichten.de\/index.php?rest_route=%2Fwp%2Fv2%2Fcomments&post=1127"}],"version-history":[{"count":12,"href":"https:\/\/teehausgeschichten.de\/index.php?rest_route=\/wp\/v2\/pages\/1127\/revisions"}],"predecessor-version":[{"id":7900,"href":"https:\/\/teehausgeschichten.de\/index.php?rest_route=\/wp\/v2\/pages\/1127\/revisions\/7900"}],"up":[{"embeddable":true,"href":"https:\/\/teehausgeschichten.de\/index.php?rest_route=\/wp\/v2\/pages\/1220"}],"wp:attachment":[{"href":"https:\/\/teehausgeschichten.de\/index.php?rest_route=%2Fwp%2Fv2%2Fmedia&parent=1127"}],"curies":[{"name":"wp","href":"https:\/\/api.w.org\/{rel}","templated":true}]}}